{"id":1238,"date":"2021-01-24T12:05:36","date_gmt":"2021-01-24T11:05:36","guid":{"rendered":"http:\/\/op-press.azurewebsites.net\/?page_id=1238"},"modified":"2021-01-24T12:05:36","modified_gmt":"2021-01-24T11:05:36","slug":"belly-cloud-xmas-24","status":"publish","type":"page","link":"https:\/\/www.bellycloud.club\/?page_id=1238","title":{"rendered":"2017.12 belly cloud Xmas #24"},"content":{"rendered":"\n<figure class=\"wp-block-image size-large\"><img loading=\"lazy\" decoding=\"async\" width=\"900\" height=\"597\" src=\"https:\/\/www.bellycloud.club\/wp-content\/uploads\/2021\/01\/bc1712-1.jpg\" alt=\"\" class=\"wp-image-1242\" srcset=\"https:\/\/www.bellycloud.club\/wp-content\/uploads\/2021\/01\/bc1712-1.jpg 900w, https:\/\/www.bellycloud.club\/wp-content\/uploads\/2021\/01\/bc1712-1-300x199.jpg 300w, https:\/\/www.bellycloud.club\/wp-content\/uploads\/2021\/01\/bc1712-1-768x509.jpg 768w\" sizes=\"auto, (max-width: 900px) 100vw, 900px\" \/><\/figure>\n\n\n<h3 class=\"wp-block-heading\">Shinedoe<\/h3>\n\n\n<p>Dieses Jahr hei\u00dft unser musikalischer Weihnachtsstern: Shinedoe, die uns seit Anfang 90er mit eigenen Techno- und House-Produktionen begleitet. Ihr Label und DJing sind eine Garantie f\u00fcr Qualit\u00e4t und mit ihrer Energie auf dem Dancefloor hat sie sich ihren Platz in der Wolke verdient.<\/p>\n\n\n<p>Als neuen Stern im Technohimmel-Floor haben wir Denise Rabe eingeladen, die nicht nur mit eigenen Tracks und jetzt eigenem Label auf sich aufmerksam macht: Sie bringt ihren metallischen Techno vor allem auf dem Dancefloor zum Besten.<\/p>\n\n\n<div class=\"wp-block-media-text alignwide is-stacked-on-mobile is-vertically-aligned-top\"><figure class=\"wp-block-media-text__media\"><img loading=\"lazy\" decoding=\"async\" width=\"300\" height=\"300\" src=\"https:\/\/www.bellycloud.club\/wp-content\/uploads\/2021\/01\/sternchen.gif\" alt=\"\" class=\"wp-image-1243 size-full\"\/><\/figure><div class=\"wp-block-media-text__content\">\n<p><strong>1001mal Schuhkarton Freude<\/strong>..so lautet unser Motto des abends.<br \/>Unsere G\u00e4ste sind aufgerufen, einen Schuhkarton mit einem Geschenk f\u00fcr Kinder oder Jugendlichen mitzubringen. Jeder der einen Geschenkkarton abgibt, bekommt ein Los. Und im Anschluss werden die Objekte unserer Weihnachtsdekoration verlost.<\/p>\n<\/div><\/div>\n\n\n<p>Zus\u00e4tzlich stiften Firmen der Region wie z.B. Simba Toys, Playmobil, Simm Spielwaren, Bruder Spielwaren, Staedtler, Schwan Stabilo und Puma bis Heiligabend ihre Produkte.<br \/>Diese werden mit Hilfe der G\u00e4ste w\u00e4hrend der Veranstaltung in Schukartons als Geschenk verpackt, dekoriert und f\u00fcr die Weitergabe an Caritas, die Tafel und die Rummelsberger Diakonie vorbereitet.<\/p>\n\n\n<figure class=\"wp-block-image size-large\"><img loading=\"lazy\" decoding=\"async\" width=\"500\" height=\"500\" src=\"https:\/\/www.bellycloud.club\/wp-content\/uploads\/2021\/01\/24love.gif\" alt=\"\" class=\"wp-image-1241\"\/><figcaption>24. Dezember 2017 um 22:00<br \/>Z-Bau<\/figcaption><\/figure>\n\n\n<p><\/p>\n","protected":false},"excerpt":{"rendered":"<div class=\"entry-summary\">\nShinedoe Dieses Jahr hei\u00dft unser musikalischer Weihnachtsstern: Shinedoe, die uns seit Anfang&hellip;\n<\/div>\n<div class=\"link-more\"><a href=\"https:\/\/www.bellycloud.club\/?page_id=1238\" class=\"more-link\">Continue reading<span class=\"screen-reader-text\"> &ldquo;2017.12 belly cloud Xmas #24&rdquo;<\/span>&hellip;<\/a><\/div>\n","protected":false},"author":1,"featured_media":0,"parent":0,"menu_order":0,"comment_status":"closed","ping_status":"closed","template":"","meta":{"footnotes":""},"class_list":["post-1238","page","type-page","status-publish","hentry","entry"],"_links":{"self":[{"href":"https:\/\/www.bellycloud.club\/index.php?rest_route=\/wp\/v2\/pages\/1238","targetHints":{"allow":["GET"]}}],"collection":[{"href":"https:\/\/www.bellycloud.club\/index.php?rest_route=\/wp\/v2\/pages"}],"about":[{"href":"https:\/\/www.bellycloud.club\/index.php?rest_route=\/wp\/v2\/types\/page"}],"author":[{"embeddable":true,"href":"https:\/\/www.bellycloud.club\/index.php?rest_route=\/wp\/v2\/users\/1"}],"replies":[{"embeddable":true,"href":"https:\/\/www.bellycloud.club\/index.php?rest_route=%2Fwp%2Fv2%2Fcomments&post=1238"}],"version-history":[{"count":0,"href":"https:\/\/www.bellycloud.club\/index.php?rest_route=\/wp\/v2\/pages\/1238\/revisions"}],"wp:attachment":[{"href":"https:\/\/www.bellycloud.club\/index.php?rest_route=%2Fwp%2Fv2%2Fmedia&parent=1238"}],"curies":[{"name":"wp","href":"https:\/\/api.w.org\/{rel}","templated":true}]}}