{"id":1255,"date":"2019-12-24T12:59:00","date_gmt":"2019-12-24T11:59:00","guid":{"rendered":"http:\/\/op-press.azurewebsites.net\/?page_id=1255"},"modified":"2022-11-17T19:56:46","modified_gmt":"2022-11-17T18:56:46","slug":"belly-cloud-xmas-26","status":"publish","type":"page","link":"https:\/\/www.bellycloud.club\/?page_id=1255","title":{"rendered":"2019.12 belly cloud xmas #26"},"content":{"rendered":"\n<figure class=\"wp-block-image size-large\"><img loading=\"lazy\" decoding=\"async\" width=\"828\" height=\"315\" src=\"https:\/\/www.bellycloud.club\/wp-content\/uploads\/2021\/01\/flyer1912.png\" alt=\"\" class=\"wp-image-1254\" srcset=\"https:\/\/www.bellycloud.club\/wp-content\/uploads\/2021\/01\/flyer1912.png 828w, https:\/\/www.bellycloud.club\/wp-content\/uploads\/2021\/01\/flyer1912-300x114.png 300w, https:\/\/www.bellycloud.club\/wp-content\/uploads\/2021\/01\/flyer1912-768x292.png 768w\" sizes=\"auto, (max-width: 828px) 100vw, 828px\" \/><\/figure>\n\n\n\n<p>&#8222;Jeder der minimal Musik je gespielt hat, wei\u00df genau, dass es bei dieser Musik nicht um Wiederholungen geht, sondern um minimale Variationen.&#8220; hat Steve Reich mal gesagt. So ist es wohl auch bei belly cloud, jedesmal, frische Musik und neue Ideen mit klassikern kombinieren und jedesmal die perfekte Party vorhaben.. Und weil es nie perfekt ist (oder war es schon mal\u00bf) versuchen wir es diesmal wieder.. let\u00b4s party)) Die Dj\u00b4s und live-acts werden jedesmal danach zusammengestellt, was musikalisch momentan wirklich Eindruck macht oder was Spuren hinterlassen hat die im Moment gefragt sind:<\/p>\n\n\n\n<h3 class=\"wp-block-heading\">&gt;&gt; Alan Abrahams<br>AKA Portable<br>AKA Bodycode<\/h3>\n\n\n\n<p>Alan Abrahams AKA Portable AKA Bodycode has been in motion his whole life\u2014growing up in South Africa, coming of age in London, decamping to Lisbon and finally settling in Berlin and then Paris\u2014and his deeply syncopated brand of electronic dance music has evolved with every step of the journey. His formative years were spent in an impoverished Cape Town township ironically tagged \u201cBeverly Hills\u201d, and to the backbeat of the first wave of Chicago house records he emerged out of the ruins of a post-apartheid South Africa. Inspired musically, yet frustrated geographically, he relocated to London in 1997.<\/p>\n\n\n\n<p>In London, Abrahams began recording as Portable, the experimental, atmospheric project that acts a living link between the indigenous sounds of his youth, and those first records whose futuristic aesthetic broadened his horizons. He founded the S\u00fcd Electronic label with his partner Lerato and released a string of 12&#8243; releases. A succession of full-length albums followed &#8211; Cycling and Futuristic Experiments #005 on Background, Version on ~scape records, and the Powers of Ten for S\u00fcd Electronic in 2007. A rich and expansive record, Powers of Ten further explored his African heritage through a new lexicon of sonic influences, acquired from his time living in Portugal.<\/p>\n\n\n\n<p>Upon moving to Lisbon, Abrahams conceived of Bodycode, a more dancefloor-centric project that complements Portable\u2019s headier textures with a more body-moving aesthetic.<\/p>\n\n\n\n<h3 class=\"wp-block-heading\">&gt;&gt; Mr. Fonk<\/h3>\n\n\n\n<p>hat seine ersten DJ-Schritte vor knapp 20 Jahren in N\u00fcrnberg gemacht. Neben gigs in Hirsch, Zoom oder dem Club nano war er Teil des &#8222;Groundlift Soundsystem&#8220;, einer freischaffenden Partycrew aus dem Raum Ansbach. 2005 ging er nach Frankfurt wo er in allen wichtigen Clubs gespielt und veranstaltet hat wie z.B. U60, MTW, Lido, Tanzhaus West u.a. 2011 hat er dort mit D.Soul das Partykollektiv &#8222;smile for a while&#8220; gegr\u00fcndet, das 2013 auch als Vinyl label f\u00fcr aufstrebende House Produzenten aus FFM an den Start ging. 2015 kam schlie\u00dflich der Wechsel nach Berlin wo er die Loftus Hall, Renate, Chalet, Paloma u.a. bespielt hat, bevor er resident DJ im ber\u00fcchtigten &#8222;kitkat Club&#8220; wurde, bei &#8222;Disco Bizarre&#8220; und &#8222;Revolver.&#8220; Mr.Fonk ist ein DJ der alten Schule der von seiner exzessiven Plattensammlung lebt, positive Emotionen liebt und die Grenzen zwischen House, Disco und Techno immer wieder verschwimmen l\u00e4sst.<\/p>\n\n\n\n<p>Elektronische Musik als Subkultur, als moderne Hippieutopie &#8211; seine DJ-sets f\u00fchren uns auf eine Reise dorthin&#8230;<\/p>\n\n\n\n<p>Zwei Live acts aus regionalen Anbau sind diesmal am Start:<\/p>\n\n\n\n<h3 class=\"wp-block-heading\">&gt;&gt; Gleb Lasarew<\/h3>\n\n\n\n<p>der jedesmal ein neues Kapitel seiner Soundforschung pr\u00e4sentiert<\/p>\n\n\n\n<h3 class=\"wp-block-heading\">&gt;&gt; livemanyouknow<\/h3>\n\n\n\n<p>ein junges Duo mit einer intuitiven rangensweise zu beats and Sounds, die auch genauso direkt sich auf die Tanzfl\u00e4che \u00fcbetr\u00e4gt.<\/p>\n\n\n\n<h3 class=\"wp-block-heading\">&gt;&gt; Finn Klein semi live act<\/h3>\n\n\n\n<p>erzeugt mit seiner ganz eigenen Kombination aus vorgefertigten Sounds und live Einspielungen eine besondere ambient Atmosph\u00e4re.<\/p>\n\n\n\n<p>Dj support kommt von PatPat, Patrick Jahn, Babis Cloud und zum ersten mal dabei Kevin Groover, Kannitverstan und Murmel als b2b Team.<\/p>\n\n\n\n<h2 class=\"wp-block-heading\">Belly Cloud Xmas #26<\/h2>\n\n\n\n<p>24. Dezember 2019 um 23:00 &#8211; 05:00 <\/p>\n\n\n\n<p>Z-Bau<\/p>\n","protected":false},"excerpt":{"rendered":"<div class=\"entry-summary\">\n&#8222;Jeder der minimal Musik je gespielt hat, wei\u00df genau, dass es bei&hellip;\n<\/div>\n<div class=\"link-more\"><a href=\"https:\/\/www.bellycloud.club\/?page_id=1255\" class=\"more-link\">Continue reading<span class=\"screen-reader-text\"> &ldquo;2019.12 belly cloud xmas #26&rdquo;<\/span>&hellip;<\/a><\/div>\n","protected":false},"author":1,"featured_media":0,"parent":0,"menu_order":0,"comment_status":"closed","ping_status":"closed","template":"","meta":{"footnotes":""},"class_list":["post-1255","page","type-page","status-publish","hentry","entry"],"_links":{"self":[{"href":"https:\/\/www.bellycloud.club\/index.php?rest_route=\/wp\/v2\/pages\/1255","targetHints":{"allow":["GET"]}}],"collection":[{"href":"https:\/\/www.bellycloud.club\/index.php?rest_route=\/wp\/v2\/pages"}],"about":[{"href":"https:\/\/www.bellycloud.club\/index.php?rest_route=\/wp\/v2\/types\/page"}],"author":[{"embeddable":true,"href":"https:\/\/www.bellycloud.club\/index.php?rest_route=\/wp\/v2\/users\/1"}],"replies":[{"embeddable":true,"href":"https:\/\/www.bellycloud.club\/index.php?rest_route=%2Fwp%2Fv2%2Fcomments&post=1255"}],"version-history":[{"count":1,"href":"https:\/\/www.bellycloud.club\/index.php?rest_route=\/wp\/v2\/pages\/1255\/revisions"}],"predecessor-version":[{"id":2484,"href":"https:\/\/www.bellycloud.club\/index.php?rest_route=\/wp\/v2\/pages\/1255\/revisions\/2484"}],"wp:attachment":[{"href":"https:\/\/www.bellycloud.club\/index.php?rest_route=%2Fwp%2Fv2%2Fmedia&parent=1255"}],"curies":[{"name":"wp","href":"https:\/\/api.w.org\/{rel}","templated":true}]}}