{"id":1320,"date":"2021-01-30T11:55:25","date_gmt":"2021-01-30T10:55:25","guid":{"rendered":"http:\/\/op-press.azurewebsites.net\/?page_id=1320"},"modified":"2021-01-30T11:55:25","modified_gmt":"2021-01-30T10:55:25","slug":"belly-cloud-x-mas-2015","status":"publish","type":"page","link":"https:\/\/www.bellycloud.club\/?page_id=1320","title":{"rendered":"2015.12 belly cloud x-mas"},"content":{"rendered":"\n<figure class=\"wp-block-image size-large\"><img loading=\"lazy\" decoding=\"async\" width=\"389\" height=\"800\" src=\"https:\/\/www.bellycloud.club\/wp-content\/uploads\/2021\/01\/xmas-zbau-flyer.jpg\" alt=\"\" class=\"wp-image-1315\" srcset=\"https:\/\/www.bellycloud.club\/wp-content\/uploads\/2021\/01\/xmas-zbau-flyer.jpg 389w, https:\/\/www.bellycloud.club\/wp-content\/uploads\/2021\/01\/xmas-zbau-flyer-146x300.jpg 146w\" sizes=\"auto, (max-width: 389px) 100vw, 389px\" \/><\/figure>\n\n\n<h3 class=\"wp-block-heading\">&gt;&gt; xmas belly cloud im z-bau<\/h3>\n\n\n<p>(nach 5jahren) wieder back to z-bau, alle Areas!<\/p>\n\n\n<p>Mit zwei besonderen masters of sound zu gast: Blake Baxter die Techno-Legende aus Detroit. Schon seine ersten Produktionen wurden zu Klassikern wie \u201eWork your Body\u201c auf KMS, seine EP war die erste Ver\u00f6ffentlichung auf Underground Resistance. Seit 1991 ist er bei Berlins Tresor Records regelm\u00e4\u00dfiger Track Lieferant und bei einer Tresor-Tour war Blake Baxter Anfang 90er das erste mal bei belly cloud. Eine Freude da\u00df er wieder da ist.<\/p>\n\n\n<p>skinnerbox, das ist ein Labork\u00e4fig, in dem man das Verhalten von Tieren untersuchen kann.<br \/>F\u00fcr Olaf Hilgenfeld und Iftah Gabbai ist der Name Programm: Sie machen die Tanzfl\u00e4che zum Labor, experimentieren mit unterschiedlichsten Beats, Sounds und musikalischen Einf\u00e4llen. Das Tanzpublikum reagiert. Skinnerbox ist \u00fcbrigens die erste Band, die \u2013 gemeinsam mit dem Berliner Musiksoftwareunternehmen Ableton \u2013 eigene Drumcomputer entwickelt hat. Skinnerbox waren 2008 bei uns im z-bau, aus den experimentierfreudigen Soundbastlern von damals, sind experimentierfreudige Soundbastler von heute geworden, aber ihre Tanzfl\u00e4chen Effektivit\u00e4t hat nicht darunter gelitten \ud83d\ude09<\/p>\n\n\n<p>Besten local-support garantieren:<br \/>Florian Seyberth \/ Lutz Morich \/ Patrick Jahn \/ Mr Yellowman \/ Patrick Winkler \/ Chris Cutter \/ Albert Imhof \/ Max Tauer \/ Chris Binder \/ Gleb Lasarew \/ Paolo Freund und Babis Cloud<\/p>\n\n\n<p><strong>Donnerstag, 24. Dezember 2015 um 23:00<\/strong><br \/>3 Areas im Z-Bau EG: Saal, Galerie und Roter Salon<\/p>\n","protected":false},"excerpt":{"rendered":"<div class=\"entry-summary\">\n&gt;&gt; xmas belly cloud im z-bau (nach 5jahren) wieder back to z-bau,&hellip;\n<\/div>\n<div class=\"link-more\"><a href=\"https:\/\/www.bellycloud.club\/?page_id=1320\" class=\"more-link\">Continue reading<span class=\"screen-reader-text\"> &ldquo;2015.12 belly cloud x-mas&rdquo;<\/span>&hellip;<\/a><\/div>\n","protected":false},"author":1,"featured_media":0,"parent":0,"menu_order":0,"comment_status":"closed","ping_status":"closed","template":"","meta":{"footnotes":""},"class_list":["post-1320","page","type-page","status-publish","hentry","entry"],"_links":{"self":[{"href":"https:\/\/www.bellycloud.club\/index.php?rest_route=\/wp\/v2\/pages\/1320","targetHints":{"allow":["GET"]}}],"collection":[{"href":"https:\/\/www.bellycloud.club\/index.php?rest_route=\/wp\/v2\/pages"}],"about":[{"href":"https:\/\/www.bellycloud.club\/index.php?rest_route=\/wp\/v2\/types\/page"}],"author":[{"embeddable":true,"href":"https:\/\/www.bellycloud.club\/index.php?rest_route=\/wp\/v2\/users\/1"}],"replies":[{"embeddable":true,"href":"https:\/\/www.bellycloud.club\/index.php?rest_route=%2Fwp%2Fv2%2Fcomments&post=1320"}],"version-history":[{"count":0,"href":"https:\/\/www.bellycloud.club\/index.php?rest_route=\/wp\/v2\/pages\/1320\/revisions"}],"wp:attachment":[{"href":"https:\/\/www.bellycloud.club\/index.php?rest_route=%2Fwp%2Fv2%2Fmedia&parent=1320"}],"curies":[{"name":"wp","href":"https:\/\/api.w.org\/{rel}","templated":true}]}}