{"id":1335,"date":"2021-01-30T12:33:21","date_gmt":"2021-01-30T11:33:21","guid":{"rendered":"http:\/\/op-press.azurewebsites.net\/?page_id=1335"},"modified":"2021-01-31T18:21:47","modified_gmt":"2021-01-31T17:21:47","slug":"belly-cloud-x-mas-edition-2014","status":"publish","type":"page","link":"https:\/\/www.bellycloud.club\/?page_id=1335","title":{"rendered":"2014.12 belly cloud X-mas edition"},"content":{"rendered":"\n<figure class=\"wp-block-image size-large\"><img loading=\"lazy\" decoding=\"async\" width=\"725\" height=\"1024\" src=\"https:\/\/www.bellycloud.club\/wp-content\/uploads\/2021\/01\/belly014-725x1024.jpg\" alt=\"\" class=\"wp-image-1330\" srcset=\"https:\/\/www.bellycloud.club\/wp-content\/uploads\/2021\/01\/belly014-725x1024.jpg 725w, https:\/\/www.bellycloud.club\/wp-content\/uploads\/2021\/01\/belly014-212x300.jpg 212w, https:\/\/www.bellycloud.club\/wp-content\/uploads\/2021\/01\/belly014-768x1085.jpg 768w, https:\/\/www.bellycloud.club\/wp-content\/uploads\/2021\/01\/belly014.jpg 885w\" sizes=\"auto, (max-width: 725px) 100vw, 725px\" \/><\/figure>\n\n\n\n<h4 class=\"wp-block-heading\">&gt;&gt; don&#8217;t miss &gt;&gt; The belly cloud spirit over Hirsch &amp; Rakete<\/h4>\n\n\n\n<p>Ja es ist nicht das erste mal im Hirsch .. aber aufregend is es allemal, das belly cloud Ritual aufs neue zu remixen:<\/p>\n\n\n\n<p>Unsere Ambition ist diesmal mit riesigen Fallschirmen und Projektionen die \u00c4sthetik der ersten Jahre wieder in den Raum zu bringen.<\/p>\n\n\n\n<h3 class=\"wp-block-heading\">live act: The Analog Roland Orchestra !<\/h3>\n\n\n\n<p>auf diesen lupenreinen analog Sound kann man sich feierlich freuen.<br>The Analog Roland Orchestra aka Michal Matlak ist leidenschaftlicher Sammler vor allem von Roland Ger\u00e4ten und analogen Synthesizern und Drummachines (wie Roland TR 606). Aus \u00fcber 40 Ger\u00e4ten stellt er f\u00fcr jeden Gig sein Setup zusammen.<br>Und \u201ewie sehr er seine komplett analoge Ger\u00e4tschaft beherrscht und das Publikum auf seinem musikalischen Trip und seiner extrovertierten Performance mitgerissen hat, kein Leerlauf, kein Rumprobieren vor Publikum\u201c aus debug \u00fcber seinen gig in der Roten Sonne.<\/p>\n\n\n\n<p>Nat\u00fcrlich geh\u00f6hrt es auch dises Jahr zum belly cloud &#8211; Pflichtprogramm eine Legende nach N\u00fcrnberg zu holen:<\/p>\n\n\n\n<h3 class=\"wp-block-heading\">Gary Martin!<\/h3>\n\n\n\n<p>Unter Decknamen wie Mole People, Teknotika, Gigi Galaxy oder Casual Pimp ver\u00f6ffentlichte Gary Martin mehr als 50 Platten mit einem stilpr\u00e4genden Mix aus 50iger Jahre Exotica, Sci-Fi und Detroit Techno. Der Head von Teknotika Records aus Detroit.<br>2001 wurde er f\u00fcr Best Electronic DJ Performance Detroit Music Awards nominiert.<br>Obwohl er eher nur unter Ken\u00adnern bekannt ist, geh\u00f6rt der Pro\u00addu\u00adzent und DJ aus Detroit zu der Liga der Techno-Veteranen zwi\u00adschen Sven V\u00e4th und Lau\u00adrent Gar\u00adnier. Pum\u00adpende Groo\u00adves, gef\u00fchl\u00advolle Strei\u00adcher zu getra\u00adge\u00adnen Melo\u00addien in den eigenen Tracks, zacki\u00adger, per\u00adkus\u00adsi\u00adver Mini\u00adma\u00adlis\u00admus in den ande\u00adren Tracks \u2014 der Mann ver\u00adsteht sein Hand\u00adwerk seit Jahr\u00adzehn\u00adten.<\/p>\n\n\n\n<p>Zu diesen zwei herrausragenden G\u00e4sten versammelt sich die lokale dj-Liga:<br>Stefan Riegauf aka Solaris, Patrick Jahn, Pat Pat, Babis Cloud, Le D (der Spieler), Albert Imhof, Max Tauer, Julian Haffner, Chris Cutter, Serdal Dincer, Chris Binder, Paul Tiedje und Gleb Lasarew live!<\/p>\n\n\n\n<h4 class=\"wp-block-heading\">Heiliger BimBam!<\/h4>\n\n\n\n<p>24.12. 2014, ab 23:00<br>N\u00fcrnbergs elektronsiche Weihnachstfeier in in Hirsch und Rakete.<\/p>\n\n\n\n<p><br><\/p>\n","protected":false},"excerpt":{"rendered":"<div class=\"entry-summary\">\n&gt;&gt; don&#8217;t miss &gt;&gt; The belly cloud spirit over Hirsch &amp; Rakete&hellip;\n<\/div>\n<div class=\"link-more\"><a href=\"https:\/\/www.bellycloud.club\/?page_id=1335\" class=\"more-link\">Continue reading<span class=\"screen-reader-text\"> &ldquo;2014.12 belly cloud X-mas edition&rdquo;<\/span>&hellip;<\/a><\/div>\n","protected":false},"author":1,"featured_media":0,"parent":0,"menu_order":0,"comment_status":"closed","ping_status":"closed","template":"","meta":{"footnotes":""},"class_list":["post-1335","page","type-page","status-publish","hentry","entry"],"_links":{"self":[{"href":"https:\/\/www.bellycloud.club\/index.php?rest_route=\/wp\/v2\/pages\/1335","targetHints":{"allow":["GET"]}}],"collection":[{"href":"https:\/\/www.bellycloud.club\/index.php?rest_route=\/wp\/v2\/pages"}],"about":[{"href":"https:\/\/www.bellycloud.club\/index.php?rest_route=\/wp\/v2\/types\/page"}],"author":[{"embeddable":true,"href":"https:\/\/www.bellycloud.club\/index.php?rest_route=\/wp\/v2\/users\/1"}],"replies":[{"embeddable":true,"href":"https:\/\/www.bellycloud.club\/index.php?rest_route=%2Fwp%2Fv2%2Fcomments&post=1335"}],"version-history":[{"count":2,"href":"https:\/\/www.bellycloud.club\/index.php?rest_route=\/wp\/v2\/pages\/1335\/revisions"}],"predecessor-version":[{"id":2303,"href":"https:\/\/www.bellycloud.club\/index.php?rest_route=\/wp\/v2\/pages\/1335\/revisions\/2303"}],"wp:attachment":[{"href":"https:\/\/www.bellycloud.club\/index.php?rest_route=%2Fwp%2Fv2%2Fmedia&parent=1335"}],"curies":[{"name":"wp","href":"https:\/\/api.w.org\/{rel}","templated":true}]}}