{"id":1337,"date":"2021-01-30T12:36:21","date_gmt":"2021-01-30T11:36:21","guid":{"rendered":"http:\/\/op-press.azurewebsites.net\/?page_id=1337"},"modified":"2021-01-30T12:36:21","modified_gmt":"2021-01-30T11:36:21","slug":"belly-cloud-xx-mas-edition","status":"publish","type":"page","link":"https:\/\/www.bellycloud.club\/?page_id=1337","title":{"rendered":"2013.12 belly cloud XX-mas edition"},"content":{"rendered":"\n<figure class=\"wp-block-image size-large\"><img loading=\"lazy\" decoding=\"async\" width=\"600\" height=\"848\" src=\"https:\/\/www.bellycloud.club\/wp-content\/uploads\/2021\/01\/banksy_xxmas.jpg\" alt=\"\" class=\"wp-image-1333\" srcset=\"https:\/\/www.bellycloud.club\/wp-content\/uploads\/2021\/01\/banksy_xxmas.jpg 600w, https:\/\/www.bellycloud.club\/wp-content\/uploads\/2021\/01\/banksy_xxmas-212x300.jpg 212w\" sizes=\"auto, (max-width: 600px) 100vw, 600px\" \/><figcaption>streetart by banksy, remix by babis, thanks to the hubbles for da pic \ud83d\ude42<\/figcaption><\/figure>\n\n\n<h5 class=\"wp-block-heading\">Spencer Parker<br \/>Rekids \/ Tsuba \/ Buzzin Fly \/ Saved \/ London<br \/>WooYork live!<br \/>Dynamic Reflection \/ Mutex \/ Kiev<br \/>Tommy Yamaha live!<br \/>presents &#8222;Wagner reloaded&#8220; a Wagner club interpretation<\/h5>\n\n\n<p>Dass WOO YORK hier (noch) nicht bekannt sind, liegt evtl. daran, dass die beiden (wie der Name schon vermuten l\u00e4\u00dft) aus der Ukraine stammen. Ihrem live -Auftritt beeindruckt, wie bereits ihre Platten vermuten lassen.<\/p>\n\n\n<p>Spencer Parker war bislang noch nicht in N\u00fcrnberg war und so nimmt belly cloud die Premierefeier dankend an. Nicht nur seine Platten sind Klassiker, auch seine dj-Sets sind kreativ und mit \u00dcberraschungen best\u00fcckt, H\u00f6rgenu\u00df garantiert.<\/p>\n\n\n<p>Tja es ist das 20. belly cloud x-mas Fest, also XX-mas, und das verpflichtet auch regionale Gr\u00f6\u00dfen: Tommy Yamaha wird live &#8222;Wagner reloaded&#8220; performen, seine Wagner-Interpretation speziell f\u00fcr diese Party bearbeitet.<\/p>\n\n\n<p>Dj Support:<br \/>Solaris &gt; Pat Pat &gt; Max Tauer &gt; Paul Tietje &gt; Chris Cutter &gt; Maui Scrivano<br \/>Albert Imhof &gt; Julian Haffner &gt; Babis Cloud<\/p>\n\n\n<h4 class=\"wp-block-heading\">Heiliger BimBam!<\/h4>\n\n\n<p>Am 24.12 im K4<br \/>auf drei Areas, Kulturkellerei, Festsaal, Zentralcafe.<\/p>\n","protected":false},"excerpt":{"rendered":"<div class=\"entry-summary\">\nSpencer ParkerRekids \/ Tsuba \/ Buzzin Fly \/ Saved \/ LondonWooYork live!Dynamic&hellip;\n<\/div>\n<div class=\"link-more\"><a href=\"https:\/\/www.bellycloud.club\/?page_id=1337\" class=\"more-link\">Continue reading<span class=\"screen-reader-text\"> &ldquo;2013.12 belly cloud XX-mas edition&rdquo;<\/span>&hellip;<\/a><\/div>\n","protected":false},"author":1,"featured_media":0,"parent":0,"menu_order":0,"comment_status":"closed","ping_status":"closed","template":"","meta":{"footnotes":""},"class_list":["post-1337","page","type-page","status-publish","hentry","entry"],"_links":{"self":[{"href":"https:\/\/www.bellycloud.club\/index.php?rest_route=\/wp\/v2\/pages\/1337","targetHints":{"allow":["GET"]}}],"collection":[{"href":"https:\/\/www.bellycloud.club\/index.php?rest_route=\/wp\/v2\/pages"}],"about":[{"href":"https:\/\/www.bellycloud.club\/index.php?rest_route=\/wp\/v2\/types\/page"}],"author":[{"embeddable":true,"href":"https:\/\/www.bellycloud.club\/index.php?rest_route=\/wp\/v2\/users\/1"}],"replies":[{"embeddable":true,"href":"https:\/\/www.bellycloud.club\/index.php?rest_route=%2Fwp%2Fv2%2Fcomments&post=1337"}],"version-history":[{"count":0,"href":"https:\/\/www.bellycloud.club\/index.php?rest_route=\/wp\/v2\/pages\/1337\/revisions"}],"wp:attachment":[{"href":"https:\/\/www.bellycloud.club\/index.php?rest_route=%2Fwp%2Fv2%2Fmedia&parent=1337"}],"curies":[{"name":"wp","href":"https:\/\/api.w.org\/{rel}","templated":true}]}}