{"id":1383,"date":"2021-01-30T12:53:03","date_gmt":"2021-01-30T11:53:03","guid":{"rendered":"http:\/\/op-press.azurewebsites.net\/?page_id=1383"},"modified":"2021-01-30T12:53:03","modified_gmt":"2021-01-30T11:53:03","slug":"belly-cloud-xmas19","status":"publish","type":"page","link":"https:\/\/www.bellycloud.club\/?page_id=1383","title":{"rendered":"2012.12 Belly Cloud xmas#19"},"content":{"rendered":"\n<figure class=\"wp-block-image size-large\"><img loading=\"lazy\" decoding=\"async\" width=\"900\" height=\"657\" src=\"https:\/\/www.bellycloud.club\/wp-content\/uploads\/2021\/01\/bellylogo.jpg\" alt=\"\" class=\"wp-image-1346\" srcset=\"https:\/\/www.bellycloud.club\/wp-content\/uploads\/2021\/01\/bellylogo.jpg 900w, https:\/\/www.bellycloud.club\/wp-content\/uploads\/2021\/01\/bellylogo-300x219.jpg 300w, https:\/\/www.bellycloud.club\/wp-content\/uploads\/2021\/01\/bellylogo-768x561.jpg 768w\" sizes=\"auto, (max-width: 900px) 100vw, 900px\" \/><\/figure>\n\n\n<div class=\"wp-block-media-text alignwide is-stacked-on-mobile is-vertically-aligned-top\"><figure class=\"wp-block-media-text__media\"><img loading=\"lazy\" decoding=\"async\" width=\"498\" height=\"1000\" src=\"https:\/\/www.bellycloud.club\/wp-content\/uploads\/2021\/01\/belly1212.jpg\" alt=\"\" class=\"wp-image-1345 size-full\" srcset=\"https:\/\/www.bellycloud.club\/wp-content\/uploads\/2021\/01\/belly1212.jpg 498w, https:\/\/www.bellycloud.club\/wp-content\/uploads\/2021\/01\/belly1212-149x300.jpg 149w\" sizes=\"auto, (max-width: 498px) 100vw, 498px\" \/><\/figure><div class=\"wp-block-media-text__content\">\n<h4 class=\"wp-block-heading\">Welcome to the cloud 2012<\/h4>\n\n\n<p>Dieses Mal nach 12 Jahren wieder im K4 Festsaal und Kulturkellerei!<br \/>Im Festsaal LiveActs only, im Keller Djsets.<br \/>Ein besonderes Highlight ist das 2012Remake der HouseArbeit Performance.<\/p>\n\n\n<p><strong>&gt;&gt;<br \/>Jan Driver live!<br \/>Boysnoize \/ Made To Play \/\/ Berlin<br \/>Tigerskin live!<br \/>aka Dub Taylor \/ Dirt Crew \/\/ Berlin<br \/>Sophie Nixdorf<br \/>Overdrive \/\/ Mainz<br \/><br \/>lokaler support:<br \/>Erman Erim live!<br \/>Terminal M \/\/ N\u00fcrnberg<br \/>Max Tauer live!<br \/>Mina Loko, Pat Pat<\/strong><\/p>\n<\/div><\/div>\n\n\n<p><\/p>\n\n\n<p><a href=\"http:\/\/www.youtube.com\/watch?v=cKW_fkPrEy0\">JAN DRIVER<\/a><br \/>Die Groove \u00fcber &#8222;Peaker&#8220; (Boysnoize Records 080):<br \/>Deep-House-Connaisseure sowie Freunde von Stilsicherheit und gutem Geschmack d\u00fcrften erst einmal ver\u00e4chtlich die Nase r\u00fcmpfen, doch Jan Driver packt uns im Namen von Boysnoize Records mit \u201ePeaker\u201c einen dieser Hits auf die Plattenteller, die auch nach der durchzechten Partynacht noch lange im Ged\u00e4chtnis kleben bleiben. Alle Zutaten stimmen: Slammende Claps, heftige Subb\u00e4sse und ein kreischender Synthesizer, der sich unnachgiebig in Hirn, Herz und Beine bohrt. Der \u201eAction Flower Rework\u201c-Mix legt noch eine sommerliche Schippe Arpeggio Sequence obendrauf und qualifiziert sich somit als der perfekter Open-Air-Track.<br \/>Scheuklappen abgenommen und reingeh\u00f6rt!<\/p>\n\n\n<p><a href=\"http:\/\/www.youtube.com\/watch?v=UBLqAJkJBCQ\">TIGERSKIN live<\/a><br \/>Alex Kr\u00fcger, besser bekannt als Tigerskin aka Dub Taylor aka \u201eder Produzent von PHONIQUE\u201c aka \u2026 d\u00fcrfen uns so \u00fcber ein Live-Set der Extraklasse freuen, dass uns durch Housemusik zum Tanzen bringt. Ver\u00f6ffentlichungen auf Dessous, Suol, Mood Music oder Dirt Crew Rec sprechen f\u00fcr sich. Alex Kr\u00fcger hat in den vergangenen zwanzig Jahren nicht erst einmal die Welt umrundet und ist auf dem ganzen Globus ein gern gesehener Gast: Immer down to earth und immer dazu bereit euch mit seiner Musik den Abend zu versch\u00f6nern!<\/p>\n\n\n<p><a href=\"http:\/\/www.youtube.com\/watch?v=VKGkf4S0du0\">SOPHIE NIXDORF<\/a><br \/>Music has always been a vital part of Sophie&#8217;s life. Highly influenced by the music played in clubs like Frankfurt&#8217;s Box, Omen, Dorian Gray and especially in off-the-wall locations where underground parties took place, techno became part of her life. With all her favourite clubs closing down in 1999, Frankfurt&#8217;s U60311 became the new party hub and the source of her musical inspiration.<br \/>Her first release YOKOHAMA NIGHTS EP came out on OVERDRIVE in January 2009!<br \/>Since early 2011 she runs in cooporation with Andy D\u00fcx the German based recordlabel OVERDRIVE.<\/p>\n\n\n<p><a href=\"http:\/\/www.youtube.com\/watch?v=MifEO_CZYx4\">houseArbeit rework 2012<\/a><br \/>Mit 1 Besen, 1 Staubsauger, 1 Waschmaschine, 1 Schreibmaschine und einigen Elektroger\u00e4ten mehr..<br \/>Der Titel ist Programm, denn die Ger\u00e4uschkulisse dieser T\u00e4tigkeiten wird zu einem rhythmischen Klangteppich gekn\u00fcpft an dem sich die 22 Akteure (die \u00fcblichen Clubbesucher) choreografisch orientieren.<br \/>W\u00e4hrend House-Mucke auch mal Hausarbeiten zu Hause begleitet, sind es eben diese Hausarbeit-Ger\u00e4usche, (Kehren, Staubsaugen, Tippen) die auf der B\u00fchne diesmal den Sound liefern..<\/p>\n\n\n<p>Eine l\u00e4ngst f\u00e4llige Gegen\u00fcberstellung:<br \/>Alles ist Musik und Musik ist alles. Und das Ganze findet nicht auf einem multimedialen Festival statt, nein, an einem &#8222;ganz banalen&#8220; Club Abend..<br \/>also same same but different.<br \/>heiliger bimbam.<\/p>\n\n\n<p><strong>Belly Cloud Xmas 19<\/strong><br \/>Montag, 24. Dezember 2012, 23:00<br \/>K4 Kulturzentrum, K\u00f6nigstra\u00dfe 93, 90402 N\u00fcrnberg<\/p>\n","protected":false},"excerpt":{"rendered":"<div class=\"entry-summary\">\nWelcome to the cloud 2012 Dieses Mal nach 12 Jahren wieder im&hellip;\n<\/div>\n<div class=\"link-more\"><a href=\"https:\/\/www.bellycloud.club\/?page_id=1383\" class=\"more-link\">Continue reading<span class=\"screen-reader-text\"> &ldquo;2012.12 Belly Cloud xmas#19&rdquo;<\/span>&hellip;<\/a><\/div>\n","protected":false},"author":1,"featured_media":0,"parent":0,"menu_order":0,"comment_status":"closed","ping_status":"closed","template":"","meta":{"footnotes":""},"class_list":["post-1383","page","type-page","status-publish","hentry","entry"],"_links":{"self":[{"href":"https:\/\/www.bellycloud.club\/index.php?rest_route=\/wp\/v2\/pages\/1383","targetHints":{"allow":["GET"]}}],"collection":[{"href":"https:\/\/www.bellycloud.club\/index.php?rest_route=\/wp\/v2\/pages"}],"about":[{"href":"https:\/\/www.bellycloud.club\/index.php?rest_route=\/wp\/v2\/types\/page"}],"author":[{"embeddable":true,"href":"https:\/\/www.bellycloud.club\/index.php?rest_route=\/wp\/v2\/users\/1"}],"replies":[{"embeddable":true,"href":"https:\/\/www.bellycloud.club\/index.php?rest_route=%2Fwp%2Fv2%2Fcomments&post=1383"}],"version-history":[{"count":0,"href":"https:\/\/www.bellycloud.club\/index.php?rest_route=\/wp\/v2\/pages\/1383\/revisions"}],"wp:attachment":[{"href":"https:\/\/www.bellycloud.club\/index.php?rest_route=%2Fwp%2Fv2%2Fmedia&parent=1383"}],"curies":[{"name":"wp","href":"https:\/\/api.w.org\/{rel}","templated":true}]}}