{"id":1447,"date":"2021-01-31T10:30:33","date_gmt":"2021-01-31T09:30:33","guid":{"rendered":"http:\/\/op-press.azurewebsites.net\/?page_id=1447"},"modified":"2021-01-31T10:30:33","modified_gmt":"2021-01-31T09:30:33","slug":"2011-07-belly-cloud-open-alan-abrahams","status":"publish","type":"page","link":"https:\/\/www.bellycloud.club\/?page_id=1447","title":{"rendered":"2011.07 belly cloud open: Alan Abrahams"},"content":{"rendered":"\n<figure class=\"wp-block-image size-large\"><img loading=\"lazy\" decoding=\"async\" width=\"1000\" height=\"570\" src=\"https:\/\/www.bellycloud.club\/wp-content\/uploads\/2021\/01\/bellyalan.jpg\" alt=\"\" class=\"wp-image-1442\" srcset=\"https:\/\/www.bellycloud.club\/wp-content\/uploads\/2021\/01\/bellyalan.jpg 1000w, https:\/\/www.bellycloud.club\/wp-content\/uploads\/2021\/01\/bellyalan-300x171.jpg 300w, https:\/\/www.bellycloud.club\/wp-content\/uploads\/2021\/01\/bellyalan-768x438.jpg 768w\" sizes=\"auto, (max-width: 1000px) 100vw, 1000px\" \/><\/figure>\n\n\n<h3 class=\"wp-block-heading\">Alan Abrahams: Portable aka Bodycode!<\/h3>\n\n\n<p>Als wir Alan Abrahams 2005 bei belly cloud vorstellten, musste das Ganze statt auf geplanten openAir, im zBAu stattfinden.. seinem Set von damals hat es nichts von seiner Einmaligkeit genommen, er bleibt an der Spitze der live Performer!<br \/>Bei Stadtkind war schnell klar, wenn belly cloud open: Portable aka Bodycode muss her!<\/p>\n\n\n<p>Von S\u00fcdafrika \u00fcber London, Berlin nach Lissabon \u2013 so verlief Alan Abrahams Weg durchs Leben. Seine Musik hat an jeder Station einige Impressionen aufgesogen und mitgenommen.<br \/>So wurde aus Alan Abrahams zun\u00e4chst einmal Portable in London, ein experimentelles und sehr atmosph\u00e4risches Projekt, das die indigenen Kl\u00e4nge seiner Jugend mit den ersten Chicago House-Platten fusionierte. Als er dann nach Lissabon zog, ersann er Bodycode, ein mehr Dancefloor zentriertes Projekt, das die Portable-Textur um den k\u00f6rperlichen Kick bereichert.<br \/>Mit Bodycode will Alan Abrahams die Psyche \u00fcber den K\u00f6rper \u00f6ffnen, indem er Tech-Funk mit einem Hauch von Melodien, ungest\u00fcmen Effekten und Vokal Samples aus anderen Welten versetzt.<br \/>Irgendwo zwischen den Beats f\u00fcr den K\u00f6rper und den Melodien f\u00fcr die Seele liegt der Bodycode, von Alan Abrahams.<\/p>\n\n\n<p>Am 30.07 ab 21:00<br \/>zu Gast beim Stadtkind N\u00fcrnberg e.V.<br \/>Ingolst\u00e4dter Stra\u00dfe 45<\/p>\n","protected":false},"excerpt":{"rendered":"<div class=\"entry-summary\">\nAlan Abrahams: Portable aka Bodycode! Als wir Alan Abrahams 2005 bei belly&hellip;\n<\/div>\n<div class=\"link-more\"><a href=\"https:\/\/www.bellycloud.club\/?page_id=1447\" class=\"more-link\">Continue reading<span class=\"screen-reader-text\"> &ldquo;2011.07 belly cloud open: Alan Abrahams&rdquo;<\/span>&hellip;<\/a><\/div>\n","protected":false},"author":1,"featured_media":0,"parent":0,"menu_order":0,"comment_status":"closed","ping_status":"closed","template":"","meta":{"footnotes":""},"class_list":["post-1447","page","type-page","status-publish","hentry","entry"],"_links":{"self":[{"href":"https:\/\/www.bellycloud.club\/index.php?rest_route=\/wp\/v2\/pages\/1447","targetHints":{"allow":["GET"]}}],"collection":[{"href":"https:\/\/www.bellycloud.club\/index.php?rest_route=\/wp\/v2\/pages"}],"about":[{"href":"https:\/\/www.bellycloud.club\/index.php?rest_route=\/wp\/v2\/types\/page"}],"author":[{"embeddable":true,"href":"https:\/\/www.bellycloud.club\/index.php?rest_route=\/wp\/v2\/users\/1"}],"replies":[{"embeddable":true,"href":"https:\/\/www.bellycloud.club\/index.php?rest_route=%2Fwp%2Fv2%2Fcomments&post=1447"}],"version-history":[{"count":0,"href":"https:\/\/www.bellycloud.club\/index.php?rest_route=\/wp\/v2\/pages\/1447\/revisions"}],"wp:attachment":[{"href":"https:\/\/www.bellycloud.club\/index.php?rest_route=%2Fwp%2Fv2%2Fmedia&parent=1447"}],"curies":[{"name":"wp","href":"https:\/\/api.w.org\/{rel}","templated":true}]}}