{"id":1533,"date":"2021-01-31T10:51:50","date_gmt":"2021-01-31T09:51:50","guid":{"rendered":"http:\/\/op-press.azurewebsites.net\/?page_id=1533"},"modified":"2021-01-31T18:25:32","modified_gmt":"2021-01-31T17:25:32","slug":"2010-07-pauken-trompeten-festival","status":"publish","type":"page","link":"https:\/\/www.bellycloud.club\/?page_id=1533","title":{"rendered":"2010.07 Pauken &amp; Trompeten Festival"},"content":{"rendered":"\n<div class=\"wp-block-media-text alignwide is-stacked-on-mobile is-vertically-aligned-top\"><figure class=\"wp-block-media-text__media\"><img loading=\"lazy\" decoding=\"async\" width=\"363\" height=\"1024\" src=\"https:\/\/www.bellycloud.club\/wp-content\/uploads\/2021\/01\/p-t-web-363x1024.jpg\" alt=\"\" class=\"wp-image-1471 size-full\" srcset=\"https:\/\/www.bellycloud.club\/wp-content\/uploads\/2021\/01\/p-t-web-363x1024.jpg 363w, https:\/\/www.bellycloud.club\/wp-content\/uploads\/2021\/01\/p-t-web-106x300.jpg 106w, https:\/\/www.bellycloud.club\/wp-content\/uploads\/2021\/01\/p-t-web-545x1536.jpg 545w, https:\/\/www.bellycloud.club\/wp-content\/uploads\/2021\/01\/p-t-web.jpg 650w\" sizes=\"auto, (max-width: 363px) 100vw, 363px\" \/><\/figure><div class=\"wp-block-media-text__content\">\n<p>Wenn im Sommer Tanzlust auf Wald und Wiese trifft, machen die Clubs dicht und alle treffen sich unter der Br\u00fccke. Die steht ganz unerwartet und wild romantisch auf einer Lichtung im Herzen der Oberpfalz.<\/p>\n\n\n\n<p>Vor der wohl eindrucksvollsten Kulisse seit Erfindung der Fototapete erschaffen Belly Cloud und Pauken &amp; Trompeten vom 23.-25. Juli 2010 f\u00fcr alle Liebhaber der elektronischen Musik einen Ort des Feierns und der Freuden.<\/p>\n\n\n\n<p>Und da wir uns nicht lumpen lassen, kriegen unsere Freunde nur vom Feinsten:<br>Auf zwei Floors werden ca 50 Djs und Liveacts, gemeinsam mit den Visual Artists von Karambolage eure Molek\u00fcle zum schwingen bringen. Falls Ihr gerade nicht abgeht vor der Open Air B\u00fchne oder im Zelt, k\u00f6nnt Ihr in weiteren liebevoll gestalteten Areas auf dem Wald und Wiese Gel\u00e4nde echte Wohlf\u00fchlatmosph\u00e4re von Massagen bis Mangiare genie\u00dfen, oder Euch im Wald verirren. Sicherheitshalber mal Tipi und Zahnb\u00fcrste eingepackt, es k\u00f6nnte etwas sp\u00e4ter werden als gew\u00f6hnlich&#8230;<\/p>\n<\/div><\/div>\n\n\n\n<p>Alle Infos \u00fcber Anfahrt und Tickets gibt\u2019s unter&nbsp;<a rel=\"noreferrer noopener\" href=\"http:\/\/www.pauken-trompeten.de\/\" target=\"_blank\">www.pauken-trompeten.de<\/a><\/p>\n\n\n<div id=\"metaslider-id-1495\" style=\"width: 100%;\" class=\"ml-slider-3-104-0 metaslider metaslider-flex metaslider-1495 ml-slider has-dots-nav ms-theme-radix\" role=\"region\" aria-label=\"Pauken &amp;amp; Trompeten 2010\" data-height=\"400\" data-width=\"500\">\n    <div id=\"metaslider_container_1495\">\n        <div id=\"metaslider_1495\">\n            <ul class='slides'>\n                <li style=\"display: block; width: 100%;\" class=\"slide-1496 ms-image \" aria-roledescription=\"slide\" data-date=\"2021-01-31 10:45:45\" data-filename=\"23-2-437x350.jpg\" data-slide-type=\"image\"><img loading=\"lazy\" decoding=\"async\" src=\"https:\/\/www.bellycloud.club\/wp-content\/uploads\/2021\/01\/23-2-437x350.jpg\" height=\"400\" width=\"500\" alt=\"\" class=\"slider-1495 slide-1496 msDefaultImage\" title=\"23\" \/><\/li>\n                <li style=\"display: none; width: 100%;\" class=\"slide-1497 ms-image \" aria-roledescription=\"slide\" data-date=\"2021-01-31 10:45:47\" data-filename=\"20-2-437x350.jpg\" data-slide-type=\"image\"><img loading=\"lazy\" decoding=\"async\" src=\"https:\/\/www.bellycloud.club\/wp-content\/uploads\/2021\/01\/20-2-437x350.jpg\" height=\"400\" width=\"500\" alt=\"\" class=\"slider-1495 slide-1497 msDefaultImage\" title=\"20\" \/><\/li>\n                <li style=\"display: none; width: 100%;\" class=\"slide-1498 ms-image \" aria-roledescription=\"slide\" data-date=\"2021-01-31 10:45:49\" data-filename=\"22-2-437x350.jpg\" data-slide-type=\"image\"><img loading=\"lazy\" decoding=\"async\" src=\"https:\/\/www.bellycloud.club\/wp-content\/uploads\/2021\/01\/22-2-437x350.jpg\" height=\"400\" width=\"500\" alt=\"\" class=\"slider-1495 slide-1498 msDefaultImage\" title=\"22\" \/><\/li>\n                <li style=\"display: none; width: 100%;\" class=\"slide-1499 ms-image \" aria-roledescription=\"slide\" data-date=\"2021-01-31 10:45:50\" data-filename=\"21-2-437x350.jpg\" data-slide-type=\"image\"><img loading=\"lazy\" decoding=\"async\" src=\"https:\/\/www.bellycloud.club\/wp-content\/uploads\/2021\/01\/21-2-437x350.jpg\" height=\"400\" width=\"500\" alt=\"\" class=\"slider-1495 slide-1499 msDefaultImage\" title=\"21\" \/><\/li>\n                <li style=\"display: none; width: 100%;\" class=\"slide-1500 ms-image \" aria-roledescription=\"slide\" data-date=\"2021-01-31 10:45:52\" data-filename=\"16-2-437x350.jpg\" data-slide-type=\"image\"><img loading=\"lazy\" decoding=\"async\" src=\"https:\/\/www.bellycloud.club\/wp-content\/uploads\/2021\/01\/16-2-437x350.jpg\" height=\"400\" width=\"500\" alt=\"\" class=\"slider-1495 slide-1500 msDefaultImage\" title=\"16\" \/><\/li>\n                <li style=\"display: none; width: 100%;\" class=\"slide-1501 ms-image \" aria-roledescription=\"slide\" data-date=\"2021-01-31 10:45:53\" data-filename=\"18-2-437x350.jpg\" data-slide-type=\"image\"><img loading=\"lazy\" decoding=\"async\" src=\"https:\/\/www.bellycloud.club\/wp-content\/uploads\/2021\/01\/18-2-437x350.jpg\" height=\"400\" width=\"500\" alt=\"\" class=\"slider-1495 slide-1501 msDefaultImage\" title=\"18\" \/><\/li>\n                <li style=\"display: none; width: 100%;\" class=\"slide-1502 ms-image \" aria-roledescription=\"slide\" data-date=\"2021-01-31 10:45:55\" data-filename=\"17-2-437x350.jpg\" data-slide-type=\"image\"><img loading=\"lazy\" decoding=\"async\" src=\"https:\/\/www.bellycloud.club\/wp-content\/uploads\/2021\/01\/17-2-437x350.jpg\" height=\"400\" width=\"500\" alt=\"\" class=\"slider-1495 slide-1502 msDefaultImage\" title=\"17\" \/><\/li>\n                <li style=\"display: none; width: 100%;\" class=\"slide-1503 ms-image \" aria-roledescription=\"slide\" data-date=\"2021-01-31 10:45:57\" data-filename=\"19-2-437x350.jpg\" data-slide-type=\"image\"><img loading=\"lazy\" decoding=\"async\" src=\"https:\/\/www.bellycloud.club\/wp-content\/uploads\/2021\/01\/19-2-437x350.jpg\" height=\"400\" width=\"500\" alt=\"\" class=\"slider-1495 slide-1503 msDefaultImage\" title=\"19\" \/><\/li>\n                <li style=\"display: none; width: 100%;\" class=\"slide-1504 ms-image \" aria-roledescription=\"slide\" data-date=\"2021-01-31 10:45:58\" data-filename=\"15-2-437x350.jpg\" data-slide-type=\"image\"><img loading=\"lazy\" decoding=\"async\" src=\"https:\/\/www.bellycloud.club\/wp-content\/uploads\/2021\/01\/15-2-437x350.jpg\" height=\"400\" width=\"500\" alt=\"\" class=\"slider-1495 slide-1504 msDefaultImage\" title=\"15\" \/><\/li>\n                <li style=\"display: none; width: 100%;\" class=\"slide-1505 ms-image \" aria-roledescription=\"slide\" data-date=\"2021-01-31 10:46:00\" data-filename=\"12-2-437x350.jpg\" data-slide-type=\"image\"><img loading=\"lazy\" decoding=\"async\" src=\"https:\/\/www.bellycloud.club\/wp-content\/uploads\/2021\/01\/12-2-437x350.jpg\" height=\"400\" width=\"500\" alt=\"\" class=\"slider-1495 slide-1505 msDefaultImage\" title=\"12\" \/><\/li>\n                <li style=\"display: none; width: 100%;\" class=\"slide-1506 ms-image \" aria-roledescription=\"slide\" data-date=\"2021-01-31 10:46:02\" data-filename=\"13-2-437x350.jpg\" data-slide-type=\"image\"><img loading=\"lazy\" decoding=\"async\" src=\"https:\/\/www.bellycloud.club\/wp-content\/uploads\/2021\/01\/13-2-437x350.jpg\" height=\"400\" width=\"500\" alt=\"\" class=\"slider-1495 slide-1506 msDefaultImage\" title=\"13\" \/><\/li>\n                <li style=\"display: none; width: 100%;\" class=\"slide-1507 ms-image \" aria-roledescription=\"slide\" data-date=\"2021-01-31 10:46:04\" data-filename=\"14-2-437x350.jpg\" data-slide-type=\"image\"><img loading=\"lazy\" decoding=\"async\" src=\"https:\/\/www.bellycloud.club\/wp-content\/uploads\/2021\/01\/14-2-437x350.jpg\" height=\"400\" width=\"500\" alt=\"\" class=\"slider-1495 slide-1507 msDefaultImage\" title=\"14\" \/><\/li>\n                <li style=\"display: none; width: 100%;\" class=\"slide-1508 ms-image \" aria-roledescription=\"slide\" data-date=\"2021-01-31 10:46:05\" data-filename=\"10-2-437x350.jpg\" data-slide-type=\"image\"><img loading=\"lazy\" decoding=\"async\" src=\"https:\/\/www.bellycloud.club\/wp-content\/uploads\/2021\/01\/10-2-437x350.jpg\" height=\"400\" width=\"500\" alt=\"\" class=\"slider-1495 slide-1508 msDefaultImage\" title=\"10\" \/><\/li>\n                <li style=\"display: none; width: 100%;\" class=\"slide-1509 ms-image \" aria-roledescription=\"slide\" data-date=\"2021-01-31 10:46:07\" data-filename=\"09-2-437x350.jpg\" data-slide-type=\"image\"><img loading=\"lazy\" decoding=\"async\" src=\"https:\/\/www.bellycloud.club\/wp-content\/uploads\/2021\/01\/09-2-437x350.jpg\" height=\"400\" width=\"500\" alt=\"\" class=\"slider-1495 slide-1509 msDefaultImage\" title=\"09\" \/><\/li>\n                <li style=\"display: none; width: 100%;\" class=\"slide-1510 ms-image \" aria-roledescription=\"slide\" data-date=\"2021-01-31 10:46:09\" data-filename=\"08-2-437x350.jpg\" data-slide-type=\"image\"><img loading=\"lazy\" decoding=\"async\" src=\"https:\/\/www.bellycloud.club\/wp-content\/uploads\/2021\/01\/08-2-437x350.jpg\" height=\"400\" width=\"500\" alt=\"\" class=\"slider-1495 slide-1510 msDefaultImage\" title=\"08\" \/><\/li>\n                <li style=\"display: none; width: 100%;\" class=\"slide-1511 ms-image \" aria-roledescription=\"slide\" data-date=\"2021-01-31 10:46:11\" data-filename=\"11-2-437x350.jpg\" data-slide-type=\"image\"><img loading=\"lazy\" decoding=\"async\" src=\"https:\/\/www.bellycloud.club\/wp-content\/uploads\/2021\/01\/11-2-437x350.jpg\" height=\"400\" width=\"500\" alt=\"\" class=\"slider-1495 slide-1511 msDefaultImage\" title=\"11\" \/><\/li>\n                <li style=\"display: none; width: 100%;\" class=\"slide-1512 ms-image \" aria-roledescription=\"slide\" data-date=\"2021-01-31 10:46:12\" data-filename=\"03-2-437x350.jpg\" data-slide-type=\"image\"><img loading=\"lazy\" decoding=\"async\" src=\"https:\/\/www.bellycloud.club\/wp-content\/uploads\/2021\/01\/03-2-437x350.jpg\" height=\"400\" width=\"500\" alt=\"\" class=\"slider-1495 slide-1512 msDefaultImage\" title=\"03\" \/><\/li>\n                <li style=\"display: none; width: 100%;\" class=\"slide-1513 ms-image \" aria-roledescription=\"slide\" data-date=\"2021-01-31 10:46:14\" data-filename=\"05-2-437x350.jpg\" data-slide-type=\"image\"><img loading=\"lazy\" decoding=\"async\" src=\"https:\/\/www.bellycloud.club\/wp-content\/uploads\/2021\/01\/05-2-437x350.jpg\" height=\"400\" width=\"500\" alt=\"\" class=\"slider-1495 slide-1513 msDefaultImage\" title=\"05\" \/><\/li>\n                <li style=\"display: none; width: 100%;\" class=\"slide-1514 ms-image \" aria-roledescription=\"slide\" data-date=\"2021-01-31 10:46:15\" data-filename=\"07-2-437x350.jpg\" data-slide-type=\"image\"><img loading=\"lazy\" decoding=\"async\" src=\"https:\/\/www.bellycloud.club\/wp-content\/uploads\/2021\/01\/07-2-437x350.jpg\" height=\"400\" width=\"500\" alt=\"\" class=\"slider-1495 slide-1514 msDefaultImage\" title=\"07\" \/><\/li>\n                <li style=\"display: none; width: 100%;\" class=\"slide-1515 ms-image \" aria-roledescription=\"slide\" data-date=\"2021-01-31 10:46:17\" data-filename=\"06-2-437x350.jpg\" data-slide-type=\"image\"><img loading=\"lazy\" decoding=\"async\" src=\"https:\/\/www.bellycloud.club\/wp-content\/uploads\/2021\/01\/06-2-437x350.jpg\" height=\"400\" width=\"500\" alt=\"\" class=\"slider-1495 slide-1515 msDefaultImage\" title=\"06\" \/><\/li>\n                <li style=\"display: none; width: 100%;\" class=\"slide-1516 ms-image \" aria-roledescription=\"slide\" data-date=\"2021-01-31 10:46:18\" data-filename=\"01-2-437x350.jpg\" data-slide-type=\"image\"><img loading=\"lazy\" decoding=\"async\" src=\"https:\/\/www.bellycloud.club\/wp-content\/uploads\/2021\/01\/01-2-437x350.jpg\" height=\"400\" width=\"500\" alt=\"\" class=\"slider-1495 slide-1516 msDefaultImage\" title=\"01\" \/><\/li>\n                <li style=\"display: none; width: 100%;\" class=\"slide-1517 ms-image \" aria-roledescription=\"slide\" data-date=\"2021-01-31 10:46:20\" data-filename=\"04-2-437x350.jpg\" data-slide-type=\"image\"><img loading=\"lazy\" decoding=\"async\" src=\"https:\/\/www.bellycloud.club\/wp-content\/uploads\/2021\/01\/04-2-437x350.jpg\" height=\"400\" width=\"500\" alt=\"\" class=\"slider-1495 slide-1517 msDefaultImage\" title=\"04\" \/><\/li>\n                <li style=\"display: none; width: 100%;\" class=\"slide-1518 ms-image \" aria-roledescription=\"slide\" data-date=\"2021-01-31 10:46:22\" data-filename=\"36-1-437x350.jpg\" data-slide-type=\"image\"><img loading=\"lazy\" decoding=\"async\" src=\"https:\/\/www.bellycloud.club\/wp-content\/uploads\/2021\/01\/36-1-437x350.jpg\" height=\"400\" width=\"500\" alt=\"\" class=\"slider-1495 slide-1518 msDefaultImage\" title=\"36\" \/><\/li>\n                <li style=\"display: none; width: 100%;\" class=\"slide-1519 ms-image \" aria-roledescription=\"slide\" data-date=\"2021-01-31 10:46:24\" data-filename=\"37-1-437x350.jpg\" data-slide-type=\"image\"><img loading=\"lazy\" decoding=\"async\" src=\"https:\/\/www.bellycloud.club\/wp-content\/uploads\/2021\/01\/37-1-437x350.jpg\" height=\"400\" width=\"500\" alt=\"\" class=\"slider-1495 slide-1519 msDefaultImage\" title=\"37\" \/><\/li>\n                <li style=\"display: none; width: 100%;\" class=\"slide-1520 ms-image \" aria-roledescription=\"slide\" data-date=\"2021-01-31 10:46:27\" data-filename=\"38-1-437x350.jpg\" data-slide-type=\"image\"><img loading=\"lazy\" decoding=\"async\" src=\"https:\/\/www.bellycloud.club\/wp-content\/uploads\/2021\/01\/38-1-437x350.jpg\" height=\"400\" width=\"500\" alt=\"\" class=\"slider-1495 slide-1520 msDefaultImage\" title=\"38\" \/><\/li>\n                <li style=\"display: none; width: 100%;\" class=\"slide-1521 ms-image \" aria-roledescription=\"slide\" data-date=\"2021-01-31 10:46:29\" data-filename=\"33-2-437x350.jpg\" data-slide-type=\"image\"><img loading=\"lazy\" decoding=\"async\" src=\"https:\/\/www.bellycloud.club\/wp-content\/uploads\/2021\/01\/33-2-437x350.jpg\" height=\"400\" width=\"500\" alt=\"\" class=\"slider-1495 slide-1521 msDefaultImage\" title=\"33\" \/><\/li>\n                <li style=\"display: none; width: 100%;\" class=\"slide-1522 ms-image \" aria-roledescription=\"slide\" data-date=\"2021-01-31 10:46:31\" data-filename=\"32-2-437x350.jpg\" data-slide-type=\"image\"><img loading=\"lazy\" decoding=\"async\" src=\"https:\/\/www.bellycloud.club\/wp-content\/uploads\/2021\/01\/32-2-437x350.jpg\" height=\"400\" width=\"500\" alt=\"\" class=\"slider-1495 slide-1522 msDefaultImage\" title=\"32\" \/><\/li>\n                <li style=\"display: none; width: 100%;\" class=\"slide-1523 ms-image \" aria-roledescription=\"slide\" data-date=\"2021-01-31 10:46:33\" data-filename=\"35-1-437x350.jpg\" data-slide-type=\"image\"><img loading=\"lazy\" decoding=\"async\" src=\"https:\/\/www.bellycloud.club\/wp-content\/uploads\/2021\/01\/35-1-437x350.jpg\" height=\"400\" width=\"500\" alt=\"\" class=\"slider-1495 slide-1523 msDefaultImage\" title=\"35\" \/><\/li>\n                <li style=\"display: none; width: 100%;\" class=\"slide-1524 ms-image \" aria-roledescription=\"slide\" data-date=\"2021-01-31 10:46:35\" data-filename=\"34-1-437x350.jpg\" data-slide-type=\"image\"><img loading=\"lazy\" decoding=\"async\" src=\"https:\/\/www.bellycloud.club\/wp-content\/uploads\/2021\/01\/34-1-437x350.jpg\" height=\"400\" width=\"500\" alt=\"\" class=\"slider-1495 slide-1524 msDefaultImage\" title=\"34\" \/><\/li>\n                <li style=\"display: none; width: 100%;\" class=\"slide-1525 ms-image \" aria-roledescription=\"slide\" data-date=\"2021-01-31 10:46:37\" data-filename=\"31-2-437x350.jpg\" data-slide-type=\"image\"><img loading=\"lazy\" decoding=\"async\" src=\"https:\/\/www.bellycloud.club\/wp-content\/uploads\/2021\/01\/31-2-437x350.jpg\" height=\"400\" width=\"500\" alt=\"\" class=\"slider-1495 slide-1525 msDefaultImage\" title=\"31\" \/><\/li>\n                <li style=\"display: none; width: 100%;\" class=\"slide-1526 ms-image \" aria-roledescription=\"slide\" data-date=\"2021-01-31 10:46:39\" data-filename=\"30-2-437x350.jpg\" data-slide-type=\"image\"><img loading=\"lazy\" decoding=\"async\" src=\"https:\/\/www.bellycloud.club\/wp-content\/uploads\/2021\/01\/30-2-437x350.jpg\" height=\"400\" width=\"500\" alt=\"\" class=\"slider-1495 slide-1526 msDefaultImage\" title=\"30\" \/><\/li>\n                <li style=\"display: none; width: 100%;\" class=\"slide-1527 ms-image \" aria-roledescription=\"slide\" data-date=\"2021-01-31 10:46:40\" data-filename=\"28-2-437x350.jpg\" data-slide-type=\"image\"><img loading=\"lazy\" decoding=\"async\" src=\"https:\/\/www.bellycloud.club\/wp-content\/uploads\/2021\/01\/28-2-437x350.jpg\" height=\"400\" width=\"500\" alt=\"\" class=\"slider-1495 slide-1527 msDefaultImage\" title=\"28\" \/><\/li>\n                <li style=\"display: none; width: 100%;\" class=\"slide-1528 ms-image \" aria-roledescription=\"slide\" data-date=\"2021-01-31 10:46:42\" data-filename=\"27-2-437x350.jpg\" data-slide-type=\"image\"><img loading=\"lazy\" decoding=\"async\" src=\"https:\/\/www.bellycloud.club\/wp-content\/uploads\/2021\/01\/27-2-437x350.jpg\" height=\"400\" width=\"500\" alt=\"\" class=\"slider-1495 slide-1528 msDefaultImage\" title=\"27\" \/><\/li>\n                <li style=\"display: none; width: 100%;\" class=\"slide-1529 ms-image \" aria-roledescription=\"slide\" data-date=\"2021-01-31 10:46:43\" data-filename=\"24-2-437x350.jpg\" data-slide-type=\"image\"><img loading=\"lazy\" decoding=\"async\" src=\"https:\/\/www.bellycloud.club\/wp-content\/uploads\/2021\/01\/24-2-437x350.jpg\" height=\"400\" width=\"500\" alt=\"\" class=\"slider-1495 slide-1529 msDefaultImage\" title=\"24\" \/><\/li>\n                <li style=\"display: none; width: 100%;\" class=\"slide-1530 ms-image \" aria-roledescription=\"slide\" data-date=\"2021-01-31 10:46:45\" data-filename=\"25-2-437x350.jpg\" data-slide-type=\"image\"><img loading=\"lazy\" decoding=\"async\" src=\"https:\/\/www.bellycloud.club\/wp-content\/uploads\/2021\/01\/25-2-437x350.jpg\" height=\"400\" width=\"500\" alt=\"\" class=\"slider-1495 slide-1530 msDefaultImage\" title=\"25\" \/><\/li>\n                <li style=\"display: none; width: 100%;\" class=\"slide-1531 ms-image \" aria-roledescription=\"slide\" data-date=\"2021-01-31 10:46:46\" data-filename=\"29-2-437x350.jpg\" data-slide-type=\"image\"><img loading=\"lazy\" decoding=\"async\" src=\"https:\/\/www.bellycloud.club\/wp-content\/uploads\/2021\/01\/29-2-437x350.jpg\" height=\"400\" width=\"500\" alt=\"\" class=\"slider-1495 slide-1531 msDefaultImage\" title=\"29\" \/><\/li>\n                <li style=\"display: none; width: 100%;\" class=\"slide-1532 ms-image \" aria-roledescription=\"slide\" data-date=\"2021-01-31 10:46:48\" data-filename=\"26-2-437x350.jpg\" data-slide-type=\"image\"><img loading=\"lazy\" decoding=\"async\" src=\"https:\/\/www.bellycloud.club\/wp-content\/uploads\/2021\/01\/26-2-437x350.jpg\" height=\"400\" width=\"500\" alt=\"\" class=\"slider-1495 slide-1532 msDefaultImage\" title=\"26\" \/><\/li>\n            <\/ul>\n        <\/div>\n        \n    <\/div>\n<\/div>\n","protected":false},"excerpt":{"rendered":"<div class=\"entry-summary\">\nWenn im Sommer Tanzlust auf Wald und Wiese trifft, machen die Clubs&hellip;\n<\/div>\n<div class=\"link-more\"><a href=\"https:\/\/www.bellycloud.club\/?page_id=1533\" class=\"more-link\">Continue reading<span class=\"screen-reader-text\"> &ldquo;2010.07 Pauken &amp; Trompeten Festival&rdquo;<\/span>&hellip;<\/a><\/div>\n","protected":false},"author":1,"featured_media":0,"parent":0,"menu_order":0,"comment_status":"closed","ping_status":"closed","template":"","meta":{"footnotes":""},"class_list":["post-1533","page","type-page","status-publish","hentry","entry"],"_links":{"self":[{"href":"https:\/\/www.bellycloud.club\/index.php?rest_route=\/wp\/v2\/pages\/1533","targetHints":{"allow":["GET"]}}],"collection":[{"href":"https:\/\/www.bellycloud.club\/index.php?rest_route=\/wp\/v2\/pages"}],"about":[{"href":"https:\/\/www.bellycloud.club\/index.php?rest_route=\/wp\/v2\/types\/page"}],"author":[{"embeddable":true,"href":"https:\/\/www.bellycloud.club\/index.php?rest_route=\/wp\/v2\/users\/1"}],"replies":[{"embeddable":true,"href":"https:\/\/www.bellycloud.club\/index.php?rest_route=%2Fwp%2Fv2%2Fcomments&post=1533"}],"version-history":[{"count":1,"href":"https:\/\/www.bellycloud.club\/index.php?rest_route=\/wp\/v2\/pages\/1533\/revisions"}],"predecessor-version":[{"id":2304,"href":"https:\/\/www.bellycloud.club\/index.php?rest_route=\/wp\/v2\/pages\/1533\/revisions\/2304"}],"wp:attachment":[{"href":"https:\/\/www.bellycloud.club\/index.php?rest_route=%2Fwp%2Fv2%2Fmedia&parent=1533"}],"curies":[{"name":"wp","href":"https:\/\/api.w.org\/{rel}","templated":true}]}}