{"id":2416,"date":"2022-01-08T17:59:19","date_gmt":"2022-01-08T16:59:19","guid":{"rendered":"https:\/\/www.bellycloud.club\/?page_id=2416"},"modified":"2022-04-01T14:55:08","modified_gmt":"2022-04-01T12:55:08","slug":"2022-04-belly-cloud-kehrt-zurueck","status":"publish","type":"page","link":"https:\/\/www.bellycloud.club\/?page_id=2416","title":{"rendered":"2022.04 Belly Cloud Restart"},"content":{"rendered":"\n<figure class=\"wp-block-image size-full\"><img loading=\"lazy\" decoding=\"async\" width=\"720\" height=\"648\" src=\"https:\/\/www.bellycloud.club\/wp-content\/uploads\/2022\/03\/Aufkleber_20220409_xl.jpg\" alt=\"\" class=\"wp-image-2425\" srcset=\"https:\/\/www.bellycloud.club\/wp-content\/uploads\/2022\/03\/Aufkleber_20220409_xl.jpg 720w, https:\/\/www.bellycloud.club\/wp-content\/uploads\/2022\/03\/Aufkleber_20220409_xl-300x270.jpg 300w\" sizes=\"auto, (max-width: 720px) 100vw, 720px\" \/><\/figure>\n\n\n\n<p>Are You Ready..<br>Einiges ist passiert, auf der Welt in diesen zwei Jahren, im Musik-Kosmos auch, es gab viel Zeit und Raum die eigenen Grenzen und H\u00f6rgewohnheiten auszuweiten.<br>Belly Cloud hat diese Zeit genutzt um musikalisch weiter als sonst die \u00fcblichen Pfade zu verlassen, aber auch andere Gestaltungswege zu finden.<br>lasst euch \u00fcberraschen<br>wir freuen uns auf<br>neue treibende beats<br>und smiling faces<br>Neustart Team:<br>Lily Haz (TelAviv) die mit einer unglaublichen Leichtigkeit groovt<br>&amp; DjDetox (Leipzig) der trotz einem extrem breiten musikalischen Spektrum geschmackssicher mixt.<br>Diese beiden waren auch f\u00fcr uns bis vor kurzem Unbekannte, jetzt nicht mehr wegzudenken.<br>Freuen uns auf neues von den Belly Cloud residents<br>Babis Cloud aka SPRSPRDR, Patrick Jahn und livemanyouknow (live),<br>geben uns ein update der Clubmusic.<\/p>\n\n\n\n<p><a rel=\"noreferrer noopener\" href=\"https:\/\/21397.reservix.de\/p\/reservix\/event\/1908216\" target=\"_blank\">Ticketshop<\/a><\/p>\n\n\n\n<p><a href=\"https:\/\/z-bau.com\/corona-faqs\/\" target=\"_blank\" rel=\"noreferrer noopener\">Z-Bau Hygiene Regeln<\/a><\/p>\n","protected":false},"excerpt":{"rendered":"<div class=\"entry-summary\">\nAre You Ready..Einiges ist passiert, auf der Welt in diesen zwei Jahren,&hellip;\n<\/div>\n<div class=\"link-more\"><a href=\"https:\/\/www.bellycloud.club\/?page_id=2416\" class=\"more-link\">Continue reading<span class=\"screen-reader-text\"> &ldquo;2022.04 Belly Cloud Restart&rdquo;<\/span>&hellip;<\/a><\/div>\n","protected":false},"author":1,"featured_media":0,"parent":0,"menu_order":0,"comment_status":"closed","ping_status":"closed","template":"page-template\/_fullwidth.php","meta":{"footnotes":""},"class_list":["post-2416","page","type-page","status-publish","hentry","entry"],"_links":{"self":[{"href":"https:\/\/www.bellycloud.club\/index.php?rest_route=\/wp\/v2\/pages\/2416","targetHints":{"allow":["GET"]}}],"collection":[{"href":"https:\/\/www.bellycloud.club\/index.php?rest_route=\/wp\/v2\/pages"}],"about":[{"href":"https:\/\/www.bellycloud.club\/index.php?rest_route=\/wp\/v2\/types\/page"}],"author":[{"embeddable":true,"href":"https:\/\/www.bellycloud.club\/index.php?rest_route=\/wp\/v2\/users\/1"}],"replies":[{"embeddable":true,"href":"https:\/\/www.bellycloud.club\/index.php?rest_route=%2Fwp%2Fv2%2Fcomments&post=2416"}],"version-history":[{"count":9,"href":"https:\/\/www.bellycloud.club\/index.php?rest_route=\/wp\/v2\/pages\/2416\/revisions"}],"predecessor-version":[{"id":2448,"href":"https:\/\/www.bellycloud.club\/index.php?rest_route=\/wp\/v2\/pages\/2416\/revisions\/2448"}],"wp:attachment":[{"href":"https:\/\/www.bellycloud.club\/index.php?rest_route=%2Fwp%2Fv2%2Fmedia&parent=2416"}],"curies":[{"name":"wp","href":"https:\/\/api.w.org\/{rel}","templated":true}]}}