{"id":244,"date":"2021-01-17T11:24:40","date_gmt":"2021-01-17T10:24:40","guid":{"rendered":"http:\/\/localhost\/bellycloud\/wp-bellycloud\/?page_id=244"},"modified":"2021-10-26T22:14:43","modified_gmt":"2021-10-26T20:14:43","slug":"belly-cloud","status":"publish","type":"page","link":"https:\/\/www.bellycloud.club\/?page_id=244","title":{"rendered":"Who we are"},"content":{"rendered":"\n<figure class=\"wp-block-image size-large\"><img loading=\"lazy\" decoding=\"async\" width=\"1024\" height=\"722\" src=\"https:\/\/www.bellycloud.club\/wp-content\/uploads\/2021\/10\/background_6187FF-1024x722.jpg\" alt=\"\" class=\"wp-image-2393\" srcset=\"https:\/\/www.bellycloud.club\/wp-content\/uploads\/2021\/10\/background_6187FF-1024x722.jpg 1024w, https:\/\/www.bellycloud.club\/wp-content\/uploads\/2021\/10\/background_6187FF-300x212.jpg 300w, https:\/\/www.bellycloud.club\/wp-content\/uploads\/2021\/10\/background_6187FF-768x541.jpg 768w, https:\/\/www.bellycloud.club\/wp-content\/uploads\/2021\/10\/background_6187FF.jpg 1200w\" sizes=\"auto, (max-width: 1024px) 100vw, 1024px\" \/><\/figure>\n\n\n\n<p>Angefangen hat belly cloud 1994, als sonntags Afterhour im Hirsch.<br>Unsere Motivation war es in einer jedesmal aufs neue kreierten Club Umgebung das Wochenende spannend ausklingen zu lassen. Daf\u00fcr wurden dj-Legenden von Berlin bis Detroit eingeladen.<br>Der Club wurde am Tag der Veranstaltung gestaltet, viele H\u00e4nde waren daf\u00fcr n\u00f6tig und oft mu\u00dfte noch kurz vor Beginn der Veranstaltung, ein Fallschirm besser befestigt werden, S\u00e4ulen aus Autoreifen zusammengeschraubt, oder in dem komplett mit Sand zugesch\u00fctteten Hirsch, Wege angelegt werden.<br>In einer Steinh\u00f6hle in der Fr\u00e4nkischen Schweiz, an einem Baggerweiher, in einem Zirkuszelt, oder auf einer mittelalterlichen Burg, nur nicht wiederholen war unser Motto.<\/p>\n\n\n\n<p>Dabei war es und ist heute genauso wichtig, einerseits die Urspr\u00fcnge der elektronischen Tanzmusik nicht zu vergessen, aber auch frischen Ideen die einen Schritt weiter gehen, einen passenden Raum zu geben.<br>keep the fire burning<\/p>\n","protected":false},"excerpt":{"rendered":"<div class=\"entry-summary\">\nAngefangen hat belly cloud 1994, als sonntags Afterhour im Hirsch.Unsere Motivation war&hellip;\n<\/div>\n<div class=\"link-more\"><a href=\"https:\/\/www.bellycloud.club\/?page_id=244\" class=\"more-link\">Continue reading<span class=\"screen-reader-text\"> &ldquo;Who we are&rdquo;<\/span>&hellip;<\/a><\/div>\n","protected":false},"author":1,"featured_media":0,"parent":0,"menu_order":0,"comment_status":"closed","ping_status":"closed","template":"page-template\/_fullwidth.php","meta":{"footnotes":""},"class_list":["post-244","page","type-page","status-publish","hentry","entry"],"_links":{"self":[{"href":"https:\/\/www.bellycloud.club\/index.php?rest_route=\/wp\/v2\/pages\/244","targetHints":{"allow":["GET"]}}],"collection":[{"href":"https:\/\/www.bellycloud.club\/index.php?rest_route=\/wp\/v2\/pages"}],"about":[{"href":"https:\/\/www.bellycloud.club\/index.php?rest_route=\/wp\/v2\/types\/page"}],"author":[{"embeddable":true,"href":"https:\/\/www.bellycloud.club\/index.php?rest_route=\/wp\/v2\/users\/1"}],"replies":[{"embeddable":true,"href":"https:\/\/www.bellycloud.club\/index.php?rest_route=%2Fwp%2Fv2%2Fcomments&post=244"}],"version-history":[{"count":12,"href":"https:\/\/www.bellycloud.club\/index.php?rest_route=\/wp\/v2\/pages\/244\/revisions"}],"predecessor-version":[{"id":2407,"href":"https:\/\/www.bellycloud.club\/index.php?rest_route=\/wp\/v2\/pages\/244\/revisions\/2407"}],"wp:attachment":[{"href":"https:\/\/www.bellycloud.club\/index.php?rest_route=%2Fwp%2Fv2%2Fmedia&parent=244"}],"curies":[{"name":"wp","href":"https:\/\/api.w.org\/{rel}","templated":true}]}}