{"id":2491,"date":"2022-11-20T16:28:55","date_gmt":"2022-11-20T15:28:55","guid":{"rendered":"https:\/\/www.bellycloud.club\/?page_id=2491"},"modified":"2022-11-23T20:15:31","modified_gmt":"2022-11-23T19:15:31","slug":"2022-12-belly-cloud-xxixmas","status":"publish","type":"page","link":"https:\/\/www.bellycloud.club\/?page_id=2491","title":{"rendered":"2022.12 Belly Cloud XXIXmas"},"content":{"rendered":"\n<figure class=\"wp-block-image size-full\"><img loading=\"lazy\" decoding=\"async\" width=\"500\" height=\"704\" src=\"https:\/\/www.bellycloud.club\/wp-content\/uploads\/2022\/11\/BC22-Plakat_A1_72_m.png\" alt=\"\" class=\"wp-image-2486\" srcset=\"https:\/\/www.bellycloud.club\/wp-content\/uploads\/2022\/11\/BC22-Plakat_A1_72_m.png 500w, https:\/\/www.bellycloud.club\/wp-content\/uploads\/2022\/11\/BC22-Plakat_A1_72_m-213x300.png 213w\" sizes=\"auto, (max-width: 500px) 100vw, 500px\" \/><\/figure>\n\n\n\n<div style=\"height:30px\" aria-hidden=\"true\" class=\"wp-block-spacer\"><\/div>\n\n\n\n<p>Belly Cloud XXIXmas, it\u00b4s allways about music<\/p>\n\n\n\n<p>wie in der ersten Nacht anno 1994, es geht nicht um Dj-Namen,<br>hypes kommen und gehen, gute Musik bleibt,<br>daher kommt die echte Freude, die Motivation,<br>die immer wieder neu belebt wird, durch frische Beats und good taste<br>von K\u00fcnstlerInnen die genauso ticken wie wir.<br>in music we trust!<\/p>\n\n\n\n<figure class=\"wp-block-image size-full\"><img loading=\"lazy\" decoding=\"async\" width=\"500\" height=\"501\" src=\"https:\/\/www.bellycloud.club\/wp-content\/uploads\/2022\/11\/Prof.-Weichberger-1877-insta_m.png\" alt=\"\" class=\"wp-image-2494\" srcset=\"https:\/\/www.bellycloud.club\/wp-content\/uploads\/2022\/11\/Prof.-Weichberger-1877-insta_m.png 500w, https:\/\/www.bellycloud.club\/wp-content\/uploads\/2022\/11\/Prof.-Weichberger-1877-insta_m-300x300.png 300w, https:\/\/www.bellycloud.club\/wp-content\/uploads\/2022\/11\/Prof.-Weichberger-1877-insta_m-150x150.png 150w\" sizes=\"auto, (max-width: 500px) 100vw, 500px\" \/><\/figure>\n\n\n\n<div style=\"height:28px\" aria-hidden=\"true\" class=\"wp-block-spacer\"><\/div>\n\n\n\n<p><strong>&gt;&gt; Dj Detox &lt;&lt;<\/strong> Dresden raised, Leipzig-based record technician,<br>appreciator of the in-between, integral part of the staff @mjut Leipzig and<br>member of clear memory. His knowledge of all things electro and breaks<br>are just cornerstones to his eclectic mix across the genres.<br><a rel=\"noreferrer noopener\" href=\"https:\/\/www.youtube.com\/watch?v=lR8XwLzCQx0&amp;t=5s\" target=\"_blank\">https:\/\/www.youtube.com\/watch?v=lR8XwLzCQx0&amp;t=5s<\/a><a rel=\"noreferrer noopener\" href=\"https:\/\/soundcloud.com\/deejaydetox\" target=\"_blank\"><br>https:\/\/soundcloud.com\/deejaydetox<\/a><\/p>\n\n\n\n<p><strong>&gt;&gt; Jesse G &lt;&lt;<\/strong> Hardwax Berlin<br><a rel=\"noreferrer noopener\" href=\"https:\/\/www.youtube.com\/watch?v=D1YTbQj0s7U\" target=\"_blank\">https:\/\/www.youtube.com\/watch?v=D1YTbQj0s7U<\/a><br><a rel=\"noreferrer noopener\" href=\"https:\/\/soundcloud.com\/jessegofficial\" target=\"_blank\">https:\/\/soundcloud.com\/jessegofficial<\/a><\/p>\n\n\n\n<p><strong>&gt;&gt; Rainer Tr\u00fcby &lt;&lt;<\/strong> ex-member of A Forest Mighty Black and today&#8217;s master<br>of rare vinyl and wine, is still busy with DJing around the globe<br>spreading his musical vision of &#8222;good music&#8220; delivering in between the different<br>facets of house and electronic music and mixing it up with his beloved roots i.e.<br>soul, boogie, jazz, funk, Latin. Known as part of the Tr\u00fcby Trio and selector for<br>compilations such as Talkin Jazz.<\/p>\n\n\n\n<p><strong>&gt;&gt; Huong Federkeil (live) &lt;&lt;<\/strong> ambient and abstract beats<br><a rel=\"noreferrer noopener\" href=\"https:\/\/computerabuser.bandcamp.com\/album\/sensory-deprivation-ca003?from=search&amp;search_item_id=1035306590&amp;search_item_type=a&amp;search_match_part=%3F&amp;search_page_id=2283824401&amp;search_page_no=0&amp;search_rank=1&amp;logged_out_menubar=true\" target=\"_blank\">https:\/\/computerabuser.bandcamp.com\/&#8230;\/sensory&#8230;<\/a><br><a rel=\"noreferrer noopener\" href=\"https:\/\/open.spotify.com\/album\/3nrFUuyzL1y9wFHKD8Kkqp\" target=\"_blank\">https:\/\/open.spotify.com\/album\/3nrFUuyzL1y9wFHKD8Kkqp<\/a><\/p>\n\n\n\n<p><strong>&gt;&gt; 01001o11 &lt;&lt;<\/strong> belly cloud<br>&#8222;einzelne Zellen k\u00f6nnen dumpf murmeln, sph\u00e4rische Lieder singen<br>und nervenzerfetzenden L\u00e4rm schlagen&#8220;<br><a rel=\"noreferrer noopener\" href=\"https:\/\/soundcloud.com\/search?q=01001o11\" target=\"_blank\">https:\/\/soundcloud.com\/search?q=01001<\/a><\/p>\n\n\n\n<p><strong>&gt;&gt; Patrick Jahn &lt;&lt;<\/strong><br>Growing Bin Records \/ belly cloud<br>&#8222;seine vielschichtige Auswahl an Musik, l\u00e4\u00dft einem regelm\u00e4\u00dfig die<br>Kontrolle \u00fcber die eigene Kinnlade verlieren&#8220; Zitat: das S\u00fcndikat<br><a rel=\"noreferrer noopener\" href=\"https:\/\/soundcloud.com\/patrickjahn\/mr-bird-dance-away-patrick-jahn-remix\" target=\"_blank\">https:\/\/soundcloud.com\/patrickjahn\/mr-bird-dance-away-patrick-jahn-remix<\/a><\/p>\n\n\n\n<p><strong>&gt;&gt; Babis Cloud aka sprsprdr &lt;&lt;<\/strong> belly cloud<br>sprsprdr ist die Konsequenz nachdem auch dubstep und breaks<br>in den beatorientierten Mix dazugekommen sind.<br><a rel=\"noreferrer noopener\" href=\"https:\/\/soundcloud.com\/babiscloud\" target=\"_blank\">https:\/\/soundcloud.com\/babiscloud<\/a><\/p>\n\n\n\n<p>Bei der Gestaltung der R\u00e4ume, werden neben den belly cloud tools,<br>Kunstinstallationen auf den B\u00fchnen im Saal und in der Galerie aufgebaut.<br>Dabei werden Kunstobjekte, die im &#8222;echten Leben ausgestellt werden,<br>im club-kontext neu arrangiert, angewandte Kunst))<\/p>\n\n\n\n<p>Heiliger Bim Bam<\/p>\n\n\n\n<p><strong>Tickets<\/strong><br>AK 18 EUR<br><a rel=\"noreferrer noopener\" href=\"https:\/\/www.tixforgigs.com\/Event\/45672?af=preezw1n1iwf&amp;saf=mq59fsc\" target=\"_blank\">Ticket Vorverkauf<\/a> 17,80 EUR (inkl. VVK Geb\u00fchr)<\/p>\n","protected":false},"excerpt":{"rendered":"<div class=\"entry-summary\">\nBelly Cloud XXIXmas, it\u00b4s allways about music wie in der ersten Nacht&hellip;\n<\/div>\n<div class=\"link-more\"><a href=\"https:\/\/www.bellycloud.club\/?page_id=2491\" class=\"more-link\">Continue reading<span class=\"screen-reader-text\"> &ldquo;2022.12 Belly Cloud XXIXmas&rdquo;<\/span>&hellip;<\/a><\/div>\n","protected":false},"author":1,"featured_media":0,"parent":0,"menu_order":0,"comment_status":"closed","ping_status":"closed","template":"page-template\/_fullwidth.php","meta":{"footnotes":""},"class_list":["post-2491","page","type-page","status-publish","hentry","entry"],"_links":{"self":[{"href":"https:\/\/www.bellycloud.club\/index.php?rest_route=\/wp\/v2\/pages\/2491","targetHints":{"allow":["GET"]}}],"collection":[{"href":"https:\/\/www.bellycloud.club\/index.php?rest_route=\/wp\/v2\/pages"}],"about":[{"href":"https:\/\/www.bellycloud.club\/index.php?rest_route=\/wp\/v2\/types\/page"}],"author":[{"embeddable":true,"href":"https:\/\/www.bellycloud.club\/index.php?rest_route=\/wp\/v2\/users\/1"}],"replies":[{"embeddable":true,"href":"https:\/\/www.bellycloud.club\/index.php?rest_route=%2Fwp%2Fv2%2Fcomments&post=2491"}],"version-history":[{"count":33,"href":"https:\/\/www.bellycloud.club\/index.php?rest_route=\/wp\/v2\/pages\/2491\/revisions"}],"predecessor-version":[{"id":2542,"href":"https:\/\/www.bellycloud.club\/index.php?rest_route=\/wp\/v2\/pages\/2491\/revisions\/2542"}],"wp:attachment":[{"href":"https:\/\/www.bellycloud.club\/index.php?rest_route=%2Fwp%2Fv2%2Fmedia&parent=2491"}],"curies":[{"name":"wp","href":"https:\/\/api.w.org\/{rel}","templated":true}]}}