{"id":2565,"date":"2023-12-03T10:08:42","date_gmt":"2023-12-03T09:08:42","guid":{"rendered":"https:\/\/www.bellycloud.club\/?page_id=2565"},"modified":"2023-12-17T20:36:27","modified_gmt":"2023-12-17T19:36:27","slug":"2023-12-belly-cloud-xxx-mas","status":"publish","type":"page","link":"https:\/\/www.bellycloud.club\/?page_id=2565","title":{"rendered":"2023.12 belly cloud XXX-mas"},"content":{"rendered":"\n<figure class=\"wp-block-image size-large\"><img loading=\"lazy\" decoding=\"async\" width=\"725\" height=\"1024\" src=\"https:\/\/www.bellycloud.club\/wp-content\/uploads\/2023\/12\/bellyCloud-XXXmas72_m-725x1024.png\" alt=\"\" class=\"wp-image-2563\" srcset=\"https:\/\/www.bellycloud.club\/wp-content\/uploads\/2023\/12\/bellyCloud-XXXmas72_m-725x1024.png 725w, https:\/\/www.bellycloud.club\/wp-content\/uploads\/2023\/12\/bellyCloud-XXXmas72_m-212x300.png 212w, https:\/\/www.bellycloud.club\/wp-content\/uploads\/2023\/12\/bellyCloud-XXXmas72_m-768x1084.png 768w, https:\/\/www.bellycloud.club\/wp-content\/uploads\/2023\/12\/bellyCloud-XXXmas72_m.png 1000w\" sizes=\"auto, (max-width: 725px) 100vw, 725px\" \/><\/figure>\n\n\n\n<div style=\"height:30px\" aria-hidden=\"true\" class=\"wp-block-spacer\"><\/div>\n\n\n\n<p>belly cloud XXX-mas = die 30. Xmas party)))<br>triple X also? musikalisch aufjedenfall,<br>tanzmusik ist definitiv k\u00f6rperlich,<br>wenn der beat die Muskeln zucken l\u00e4\u00dft, hat er sexappeal wa?<\/p>\n\n\n\n<p>F\u00fcr uns ist es noch mehr als das: It\u00b4s LOVE&lt;3<\/p>\n\n\n\n<p>verliebt waren wir schon beim ersten mal, in die damals soo neue Musik<br>und sie hat uns motiviert dran zu bleiben, uns immer wieder aus einem down rausgeholt,<br>in dem sie sich entwickelt, immer wieder neu definiert, remixt, oder uns mit neuen Elementen \u00fcberrascht hat.<\/p>\n\n\n\n<p>Wir wissen nicht ob es ein n\u00e4chstes mal geben wird und in welcher Form.<br>Aber am 24.12 2023 ist es safe! Details kommen in den nxten Wochen dazu.<\/p>\n\n\n\n<p>XXX: hugs and kisses<\/p>\n\n\n\n<p><strong>Im Z-Bau all Areas. Startzeit: 23:55<\/strong><\/p>\n\n\n\n<p>tickets:<br><a href=\"https:\/\/www.tixforgigs.com\/Event\/53081\" target=\"_blank\" rel=\"noreferrer noopener\">https:\/\/www.tixforgigs.com\/Event\/53081<\/a><\/p>\n\n\n\n<p><strong>Line Up<\/strong><br>Lily Haz<br>Deepneue \/ Braulio Bandeira<br>Iron Curtis<br>01001o11<br>Ulf Herold<br>Patrick Jahn<br>Fibs \/ S.O.S<br>Babis Cloud \/ SPRSPRDR<\/p>\n","protected":false},"excerpt":{"rendered":"<div class=\"entry-summary\">\nbelly cloud XXX-mas = die 30. Xmas party)))triple X also? musikalisch aufjedenfall,tanzmusik&hellip;\n<\/div>\n<div class=\"link-more\"><a href=\"https:\/\/www.bellycloud.club\/?page_id=2565\" class=\"more-link\">Continue reading<span class=\"screen-reader-text\"> &ldquo;2023.12 belly cloud XXX-mas&rdquo;<\/span>&hellip;<\/a><\/div>\n","protected":false},"author":1,"featured_media":0,"parent":0,"menu_order":0,"comment_status":"closed","ping_status":"closed","template":"page-template\/_fullwidth.php","meta":{"footnotes":""},"class_list":["post-2565","page","type-page","status-publish","hentry","entry"],"_links":{"self":[{"href":"https:\/\/www.bellycloud.club\/index.php?rest_route=\/wp\/v2\/pages\/2565","targetHints":{"allow":["GET"]}}],"collection":[{"href":"https:\/\/www.bellycloud.club\/index.php?rest_route=\/wp\/v2\/pages"}],"about":[{"href":"https:\/\/www.bellycloud.club\/index.php?rest_route=\/wp\/v2\/types\/page"}],"author":[{"embeddable":true,"href":"https:\/\/www.bellycloud.club\/index.php?rest_route=\/wp\/v2\/users\/1"}],"replies":[{"embeddable":true,"href":"https:\/\/www.bellycloud.club\/index.php?rest_route=%2Fwp%2Fv2%2Fcomments&post=2565"}],"version-history":[{"count":4,"href":"https:\/\/www.bellycloud.club\/index.php?rest_route=\/wp\/v2\/pages\/2565\/revisions"}],"predecessor-version":[{"id":2576,"href":"https:\/\/www.bellycloud.club\/index.php?rest_route=\/wp\/v2\/pages\/2565\/revisions\/2576"}],"wp:attachment":[{"href":"https:\/\/www.bellycloud.club\/index.php?rest_route=%2Fwp%2Fv2%2Fmedia&parent=2565"}],"curies":[{"name":"wp","href":"https:\/\/api.w.org\/{rel}","templated":true}]}}