{"id":746,"date":"2021-01-23T11:27:51","date_gmt":"2021-01-23T10:27:51","guid":{"rendered":"http:\/\/localhost\/bellycloud\/wp-bellycloud\/?page_id=746"},"modified":"2021-01-23T11:27:51","modified_gmt":"2021-01-23T10:27:51","slug":"belly-cloud-lockdown-edition-2020","status":"publish","type":"page","link":"https:\/\/www.bellycloud.club\/?page_id=746","title":{"rendered":"2020.12 belly cloud lockdown edition"},"content":{"rendered":"\n<p>Musik l\u00e4\u00dft sich nicht einschr\u00e4nken und gute Ideen auch nicht.<\/p>\n\n\n<figure class=\"wp-block-image size-large\"><img loading=\"lazy\" decoding=\"async\" width=\"720\" height=\"960\" src=\"https:\/\/www.bellycloud.club\/wp-content\/uploads\/2021\/01\/stream_logo_xl.jpg\" alt=\"\" class=\"wp-image-976\" srcset=\"https:\/\/www.bellycloud.club\/wp-content\/uploads\/2021\/01\/stream_logo_xl.jpg 720w, https:\/\/www.bellycloud.club\/wp-content\/uploads\/2021\/01\/stream_logo_xl-225x300.jpg 225w\" sizes=\"auto, (max-width: 720px) 100vw, 720px\" \/><\/figure>\n\n\n<h3 class=\"wp-block-heading\" id=\"stream\">&gt;&gt; Belly Cloud life streams 2020 <a rel=\"noopener\" href=\"https:\/\/www.facebook.com\/Belly-Cloud-968128013247314\/events\/\" target=\"_blank\">auf Facebook<\/a><\/h3>\n\n\n\t\t\t\t\t<style>\n\t\t\t\t\t\t.ytu_69f73f475c949 { width: 840; height: 473; }\n\t\t\t\t\t\t.display_bottom.ytu_69f73f475c949 .tac_activate { width: 840; }\n\t\t\t\t\t@media only screen and (max-width: 840) {\n\t\t\t\t\t\t.display_bottom.ytu_69f73f475c949 .tac_activate { width: 100%; }\n\t\t\t\t\t\t.ytu_69f73f475c949 { width: 100% !important;}\n\t\t\t\t\t}\n\t\t\t\t\t<\/style><style>.display_bottom.ytu_69f73f475c949 .tac_activate {background: transparent !Important;position: absolute; bottom: 0px;} .display_bottom.ytu_69f73f475c949 {position: relative; } <\/style><div class=\"youtube_player display_bottom ytu_69f73f475c949 yt_player_clear\" thumb=\"https:\/\/www.bellycloud.club\/wp-content\/dsgvo-all-in-one-for-wp\/thumbnails\/fQurLO3Lnls\/fQurLO3Lnls.png\"  videoID=\"fQurLO3Lnls\" width=\"840\" height=\"473\" theme=\"light\" controls=\"1\" rel=\"0\" autoplay=\"1\"><\/div>\n\n\n<p><\/p>\n\n\n<div class=\"wp-block-columns is-layout-flex wp-container-core-columns-is-layout-9d6595d7 wp-block-columns-is-layout-flex\">\n<div class=\"wp-block-column is-layout-flow wp-block-column-is-layout-flow\" style=\"flex-basis:33.33%\">\n<figure class=\"wp-block-image size-large\"><img loading=\"lazy\" decoding=\"async\" width=\"320\" height=\"381\" src=\"https:\/\/www.bellycloud.club\/wp-content\/uploads\/2021\/01\/advent2_s.jpg\" alt=\"\" class=\"wp-image-980\" srcset=\"https:\/\/www.bellycloud.club\/wp-content\/uploads\/2021\/01\/advent2_s.jpg 320w, https:\/\/www.bellycloud.club\/wp-content\/uploads\/2021\/01\/advent2_s-252x300.jpg 252w\" sizes=\"auto, (max-width: 320px) 100vw, 320px\" \/><\/figure>\n\n\n<figure class=\"wp-block-image size-large\"><img loading=\"lazy\" decoding=\"async\" width=\"431\" height=\"320\" src=\"https:\/\/www.bellycloud.club\/wp-content\/uploads\/2021\/01\/advent3_s.jpg\" alt=\"\" class=\"wp-image-981\" srcset=\"https:\/\/www.bellycloud.club\/wp-content\/uploads\/2021\/01\/advent3_s.jpg 431w, https:\/\/www.bellycloud.club\/wp-content\/uploads\/2021\/01\/advent3_s-300x223.jpg 300w\" sizes=\"auto, (max-width: 431px) 100vw, 431px\" \/><\/figure>\n<\/div>\n\n\n<div class=\"wp-block-column is-layout-flow wp-block-column-is-layout-flow\" style=\"flex-basis:66.66%\">\n<p>Wir wollen in Kontakt bleiben, w\u00e4hrend wir Infektionsketten unterbrechen. Wir wollen die Erfahrung der Vereinzelung miteinander teilen. Die jenigen die den stream auf facebook verfolgen, k\u00f6nnen ihn kommentieren und so auch durch chatten soziale Bindungen reaktivieren.<\/p>\n\n\n<p>Wir wollen das tun, was wir vermissen: uns zu einer Musik die uns umgibt bewegen und auch die aktuelle Situation erfassen und relativieren. Unser Anliegen ist es in jedem Fall, zu einem Mehr an Besonnenheit beizutragen, zu vers\u00f6hnen statt zu spalten, respektvoll miteinander umgehen.<\/p>\n\n\n<p>Es wird aus dem Z-Bau gestreamt und aus der Umgebung und der Rest der Welt dazugeschaltet. Es sind 5 Streams geplant, einer zu jedem Advent und einer am 24.12.2020<\/p>\n<\/div>\n<\/div>\n\n\n<h3 class=\"wp-block-heading\">&gt;&gt; acidFlower Edition<\/h3>\n\n\n<div class=\"wp-block-columns is-layout-flex wp-container-core-columns-is-layout-9d6595d7 wp-block-columns-is-layout-flex\">\n<div class=\"wp-block-column is-layout-flow wp-block-column-is-layout-flow\" style=\"flex-basis:33.33%\">\n<figure class=\"wp-block-image size-large\"><img loading=\"lazy\" decoding=\"async\" width=\"480\" height=\"640\" src=\"https:\/\/www.bellycloud.club\/wp-content\/uploads\/2021\/01\/smileyGlanzmistel_s.jpg\" alt=\"\" class=\"wp-image-978\" srcset=\"https:\/\/www.bellycloud.club\/wp-content\/uploads\/2021\/01\/smileyGlanzmistel_s.jpg 480w, https:\/\/www.bellycloud.club\/wp-content\/uploads\/2021\/01\/smileyGlanzmistel_s-225x300.jpg 225w\" sizes=\"auto, (max-width: 480px) 100vw, 480px\" \/><\/figure>\n<\/div>\n\n\n<div class=\"wp-block-column is-layout-flow wp-block-column-is-layout-flow\" style=\"flex-basis:66.66%\">\n<p>DIE SCHWARZE BLUME IST EINE ASSOZIATION AUF DEN ZUSTAND DER CLUBS DIESES JAHR UND DER GOLDENE ACID SMILEY DAS SYMBOL DASS WIR UNS WEGEN DIESER UNTERBRECHUNG NICHT BRECHEN LASSEN<\/p>\n\n\n<p>WIR WERDEN ALLES NACHHOLEN UND UNS GEGENSEITIG ANL\u00c4CHELN MIT DEM WISSEN WAS WICHTIG IST<\/p>\n\n\n<h4 class=\"wp-block-heading\">&gt;&gt; acidFlower<\/h4>\n\n\n<p>IST EIN PARTY TALISMAN AUS ELOXIERTEM METAL MIT EINER OBERFL\u00c4CHE DIE KRATZER NICHTS ANHABEN K\u00d6NNEN<\/p>\n<\/div>\n<\/div>\n\n\n<h3 class=\"wp-block-heading\">&gt;&gt; Spenden<\/h3>\n\n\n<p>Dieses jahr ist Alles eingeschr\u00e4nkt anders, aber wie gesagt Musik und Kreativit\u00e4t sind frei wie schon immer.<br \/>Wir haben wieder eine limitierte Auflage (200) auf Lager: acidFlower<\/p>\n\n\n<p>Die Einnahmen sollen Belly Cloud weiter am Leben erhalten und einen guten Zweck unterst\u00fctzen:<br \/>Diesmal ist es ein Kinderheim in Griechenland das Heizung und elementarste Versorgung nicht mehr finanzieren kann.<\/p>\n\n\n<div class=\"wp-block-columns is-layout-flex wp-container-core-columns-is-layout-9d6595d7 wp-block-columns-is-layout-flex\">\n<div class=\"wp-block-column is-layout-flow wp-block-column-is-layout-flow\">\n<form action=\"https:\/\/www.paypal.com\/donate\" method=\"post\" target=\"_top\">\n<input type=\"hidden\" name=\"hosted_button_id\" value=\"F6WC79L27N6AG\" \/>\n<input type=\"image\" src=\"https:\/\/www.paypalobjects.com\/de_DE\/DE\/i\/btn\/btn_donateCC_LG.gif\" width=\"150\" border=\"0\" name=\"submit\" title=\"PayPal Spende f\u00fcr Belly Cloud\" alt=\"Donate with PayPal button\" align=\"top\"\/>\n<img loading=\"lazy\" decoding=\"async\" alt=\"\" border=\"0\" src=\"https:\/\/www.paypal.com\/de_DE\/i\/scr\/pixel.gif\" width=\"1\" height=\"1\" \/>\n<\/div>\n\n\n<div class=\"wp-block-column is-layout-flow wp-block-column-is-layout-flow\">\n<figure class=\"wp-block-image size-large\"><img loading=\"lazy\" decoding=\"async\" width=\"128\" height=\"128\" src=\"https:\/\/www.bellycloud.club\/wp-content\/uploads\/2021\/01\/QR-Code.png\" alt=\"\" class=\"wp-image-983\"\/><\/figure>\n<\/div>\n<\/div>\n\n\n<p>Den Spendern wird eine acidFlower zugesendet, die Spendenaktion l\u00e4uft solange bis alle acidFlowers ein Zuhause gefunden haben.<\/p>\n\n\n<p><strong>Danke<\/strong><\/p>\n","protected":false},"excerpt":{"rendered":"<div class=\"entry-summary\">\nMusik l\u00e4\u00dft sich nicht einschr\u00e4nken und gute Ideen auch nicht. &gt;&gt; Belly&hellip;\n<\/div>\n<div class=\"link-more\"><a href=\"https:\/\/www.bellycloud.club\/?page_id=746\" class=\"more-link\">Continue reading<span class=\"screen-reader-text\"> &ldquo;2020.12 belly cloud lockdown edition&rdquo;<\/span>&hellip;<\/a><\/div>\n","protected":false},"author":1,"featured_media":0,"parent":0,"menu_order":0,"comment_status":"closed","ping_status":"closed","template":"page-template\/_fullwidth.php","meta":{"footnotes":""},"class_list":["post-746","page","type-page","status-publish","hentry","entry"],"_links":{"self":[{"href":"https:\/\/www.bellycloud.club\/index.php?rest_route=\/wp\/v2\/pages\/746","targetHints":{"allow":["GET"]}}],"collection":[{"href":"https:\/\/www.bellycloud.club\/index.php?rest_route=\/wp\/v2\/pages"}],"about":[{"href":"https:\/\/www.bellycloud.club\/index.php?rest_route=\/wp\/v2\/types\/page"}],"author":[{"embeddable":true,"href":"https:\/\/www.bellycloud.club\/index.php?rest_route=\/wp\/v2\/users\/1"}],"replies":[{"embeddable":true,"href":"https:\/\/www.bellycloud.club\/index.php?rest_route=%2Fwp%2Fv2%2Fcomments&post=746"}],"version-history":[{"count":0,"href":"https:\/\/www.bellycloud.club\/index.php?rest_route=\/wp\/v2\/pages\/746\/revisions"}],"wp:attachment":[{"href":"https:\/\/www.bellycloud.club\/index.php?rest_route=%2Fwp%2Fv2%2Fmedia&parent=746"}],"curies":[{"name":"wp","href":"https:\/\/api.w.org\/{rel}","templated":true}]}}